{"id":45,"date":"2022-04-14T14:41:39","date_gmt":"2022-04-14T14:41:39","guid":{"rendered":"http:\/\/aom.local\/?page_id=16"},"modified":"2026-02-15T16:08:28","modified_gmt":"2026-02-15T15:08:28","slug":"orgue-3","status":"publish","type":"page","link":"https:\/\/concerts-grand-temple-lyon.fr\/index.php\/orgue-3\/","title":{"rendered":"L&rsquo;orgue"},"content":{"rendered":"\n<figure class=\"wp-block-gallery has-nested-images columns-default is-cropped wp-block-gallery-1 is-layout-flex wp-block-gallery-is-layout-flex\">\n<figure class=\"wp-block-image size-large\"><img loading=\"lazy\" decoding=\"async\" width=\"1024\" height=\"576\" data-id=\"1700\" src=\"https:\/\/concerts-grand-temple-lyon.fr\/wp-content\/uploads\/2025\/03\/DSC_0060_2-1-1024x576-1.jpg\" alt=\"\" class=\"wp-image-1700\" srcset=\"https:\/\/concerts-grand-temple-lyon.fr\/wp-content\/uploads\/2025\/03\/DSC_0060_2-1-1024x576-1.jpg 1024w, https:\/\/concerts-grand-temple-lyon.fr\/wp-content\/uploads\/2025\/03\/DSC_0060_2-1-1024x576-1-300x169.jpg 300w, https:\/\/concerts-grand-temple-lyon.fr\/wp-content\/uploads\/2025\/03\/DSC_0060_2-1-1024x576-1-768x432.jpg 768w\" sizes=\"auto, (max-width: 1024px) 100vw, 1024px\" \/><\/figure>\n\n\n\n<figure class=\"wp-block-image size-large\"><img loading=\"lazy\" decoding=\"async\" width=\"1024\" height=\"576\" data-id=\"1361\" src=\"https:\/\/concerts-grand-temple-lyon.fr\/wp-content\/uploads\/2025\/03\/DSC_0947-1-1024x576.jpg\" alt=\"\" class=\"wp-image-1361\" srcset=\"https:\/\/concerts-grand-temple-lyon.fr\/wp-content\/uploads\/2025\/03\/DSC_0947-1-1024x576.jpg 1024w, https:\/\/concerts-grand-temple-lyon.fr\/wp-content\/uploads\/2025\/03\/DSC_0947-1-300x169.jpg 300w, https:\/\/concerts-grand-temple-lyon.fr\/wp-content\/uploads\/2025\/03\/DSC_0947-1-768x432.jpg 768w, https:\/\/concerts-grand-temple-lyon.fr\/wp-content\/uploads\/2025\/03\/DSC_0947-1-1536x864.jpg 1536w, https:\/\/concerts-grand-temple-lyon.fr\/wp-content\/uploads\/2025\/03\/DSC_0947-1-2048x1152.jpg 2048w\" sizes=\"auto, (max-width: 1024px) 100vw, 1024px\" \/><\/figure>\n<\/figure>\n\n\n\n<p>L\u2019orgue du Grand Temple, qui fait la particularit\u00e9 de cet \u00e9difice inscrit \u00e0 l\u2019inventaire des Monuments Historiques, met la musique \u00e0 l\u2019honneur. En effet, l\u2019orgue tient une place pr\u00e9pond\u00e9rante dans l\u2019architecture r\u00e9alis\u00e9e par Gaspard Andr\u00e9, tant par sa taille que par son emplacement frontal.<\/p>\n\n\n\n<figure class=\"wp-block-embed is-type-video is-provider-youtube wp-block-embed-youtube wp-embed-aspect-16-9 wp-has-aspect-ratio\"><div class=\"wp-block-embed__wrapper\">\n<iframe loading=\"lazy\" title=\"J L  KREBS\" width=\"500\" height=\"281\" src=\"https:\/\/www.youtube.com\/embed\/Z_y4wVtgviE?feature=oembed\" frameborder=\"0\" allow=\"accelerometer; autoplay; clipboard-write; encrypted-media; gyroscope; picture-in-picture; web-share\" referrerpolicy=\"strict-origin-when-cross-origin\" allowfullscreen><\/iframe>\n<\/div><\/figure>\n\n\n\n<p><\/p>\n\n\n\n<p class=\"has-text-align-left\">Il accompagne les cultes de l\u2019Eglise et permet au Grand Temple de rayonner dans la vie culturelle de la ville. Il offre de nombreuses possibilit\u00e9s musicales (cin\u00e9-concert, concert, musique classique, vari\u00e9t\u00e9\u2026)<\/p>\n\n\n\n<p class=\"has-text-align-center\"><strong>Historique de l\u2019orgue<\/strong><\/p>\n\n\n\n<p>Inaugur\u00e9 le 26 mai 1884, le grand orgue construit par Merklin permet pour la premi\u00e8re fois \u00e0 Lyon d\u2019exp\u00e9rimenter un syst\u00e8me de commande \u00e9lectrique (Schmole &amp; Mols). Reconstruit en 1923 apr\u00e8s un incendie, il est \u00e9quip\u00e9 d\u2019une transmission \u00ab m\u00e9cano-pneumatique \u00bb.<\/p>\n\n\n\n<p>Quelques modifications sont effectu\u00e9es par les Etablissements Dunand dans les ann\u00e9es 60.<\/p>\n\n\n\n<p>Restaur\u00e9 par le facteur d\u2019orgue Promonet, il a \u00e9t\u00e9 \u00e9quip\u00e9 d\u2019une seconde console mobile dans le ch\u0153ur. L\u2019orgue dans cette nouvelle version a \u00e9t\u00e9 inaugur\u00e9 le 1<sup>er<\/sup> d\u00e9cembre 2002.<\/p>\n\n\n\n<p><strong>Composition actuelle de l\u2019orgue<\/strong><\/p>\n\n\n\n<figure class=\"wp-block-table\"><table><tbody><tr><td>Grand Orgue<\/td><td>Positif<\/td><td>R\u00e9cit expressif<\/td><td>P\u00e9dale<\/td><\/tr><tr><td>(56 n. C-g\u2019\u2019\u2019)<\/td><td>(56 n. C-g\u2019\u2019\u2019)<\/td><td>(56 n. C-g\u2019\u2019\u2019)<\/td><td>(30 n C-f)<\/td><\/tr><\/tbody><\/table><\/figure>\n\n\n\n<ul class=\"wp-block-list\">\n<li>Montre 16 Unda Maris 8 Voix c\u00e9leste 8 Contrebasse 16<\/li>\n\n\n\n<li>Bourdon 16 Salicional 8 Cor de Nuit 8<\/li>\n\n\n\n<li>Montre 8 Bourdon fl\u00fbte 8 Gambe 8 Fl\u00fbte 8<\/li>\n\n\n\n<li>Bourdon 8 Principal 4 Fl\u00fbte Trav. 8 Sousbasse 16<\/li>\n\n\n\n<li>Violoncelle 8 Fl\u00fbte douce 4 Fl\u00fbte octaviante 4 Bourdon 8<\/li>\n\n\n\n<li>Prestant 4 Nasard 2 2\/3 Voix Humaine 8<\/li>\n\n\n\n<li>Quinte fl\u00fbte 2 2\/3 Octavin 2 Plein Jeu III Bombarde 16<\/li>\n\n\n\n<li>Doublette 2 Tierce 1 3\/5 Basson-Hautbois 8 Trompette 8<\/li>\n\n\n\n<li>Fourniture V Clarinette 8 Trompette 8 Clairon 4<\/li>\n\n\n\n<li>Trompette 8 Clairon 4<\/li>\n\n\n\n<li>Clairon 4<\/li>\n<\/ul>\n\n\n\n<figure class=\"wp-block-image aligncenter size-full is-resized\"><img loading=\"lazy\" decoding=\"async\" width=\"1024\" height=\"576\" src=\"http:\/\/concerts-grand-temple-lyon.fr\/wp-content\/uploads\/2025\/03\/DSC_0070_2-1024x576-1.jpg\" alt=\"\" class=\"wp-image-1701\" style=\"width:669px;height:auto\" srcset=\"https:\/\/concerts-grand-temple-lyon.fr\/wp-content\/uploads\/2025\/03\/DSC_0070_2-1024x576-1.jpg 1024w, https:\/\/concerts-grand-temple-lyon.fr\/wp-content\/uploads\/2025\/03\/DSC_0070_2-1024x576-1-300x169.jpg 300w, https:\/\/concerts-grand-temple-lyon.fr\/wp-content\/uploads\/2025\/03\/DSC_0070_2-1024x576-1-768x432.jpg 768w\" sizes=\"auto, (max-width: 1024px) 100vw, 1024px\" \/><\/figure>\n\n\n\n<p><strong>Console du haut : 3 claviers\/P\u00e9d.<\/strong><\/p>\n\n\n\n<p>Tir GO, POS, REC ; APPEL GO ; Acc POS\/GO, REC\/GO en 8 et 16, REC\/POS ; double registration ; AN<\/p>\n\n\n\n<p>P\u00e9d. GO, POS, REC ; Expr. POS et REC.<\/p>\n\n\n\n<p><strong>Console du bas (mobile) : 3 claviers\/P\u00e9d.<\/strong><\/p>\n\n\n\n<p>Tir GO, POS, REC ; Tir GO, POS, REC<\/p>\n\n\n\n<p>Acc POS\/GO, REC\/GO en 4, 8 et 16, REC\/POS ; Combinateur \u00e9lectronique (commandes au clavier et p\u00e9d.)<\/p>\n\n\n\n<p>POS en 16, GO en 16, REC en 16 ; POS en 4, GO en 4, REC en 4 ;<\/p>\n\n\n\n<p>Expr. POS et REC. P\u00e9dale de Crescendo<\/p>\n\n\n\n<figure class=\"wp-block-gallery has-nested-images columns-default is-cropped wp-block-gallery-2 is-layout-flex wp-block-gallery-is-layout-flex\">\n<figure class=\"wp-block-image size-large\"><img loading=\"lazy\" decoding=\"async\" width=\"573\" height=\"1024\" data-id=\"1276\" src=\"https:\/\/concerts-grand-temple-lyon.fr\/wp-content\/uploads\/2025\/03\/DSC_0006_12-573x1024.jpg\" alt=\"\" class=\"wp-image-1276\" srcset=\"https:\/\/concerts-grand-temple-lyon.fr\/wp-content\/uploads\/2025\/03\/DSC_0006_12-573x1024.jpg 573w, https:\/\/concerts-grand-temple-lyon.fr\/wp-content\/uploads\/2025\/03\/DSC_0006_12-168x300.jpg 168w, https:\/\/concerts-grand-temple-lyon.fr\/wp-content\/uploads\/2025\/03\/DSC_0006_12-768x1373.jpg 768w, https:\/\/concerts-grand-temple-lyon.fr\/wp-content\/uploads\/2025\/03\/DSC_0006_12-859x1536.jpg 859w, https:\/\/concerts-grand-temple-lyon.fr\/wp-content\/uploads\/2025\/03\/DSC_0006_12-1145x2048.jpg 1145w, https:\/\/concerts-grand-temple-lyon.fr\/wp-content\/uploads\/2025\/03\/DSC_0006_12-scaled.jpg 1432w\" sizes=\"auto, (max-width: 573px) 100vw, 573px\" \/><\/figure>\n\n\n\n<figure class=\"wp-block-image size-large\"><img loading=\"lazy\" decoding=\"async\" width=\"573\" height=\"1024\" data-id=\"1278\" src=\"https:\/\/concerts-grand-temple-lyon.fr\/wp-content\/uploads\/2025\/03\/DSC_0016_6-573x1024.jpg\" alt=\"\" class=\"wp-image-1278\" srcset=\"https:\/\/concerts-grand-temple-lyon.fr\/wp-content\/uploads\/2025\/03\/DSC_0016_6-573x1024.jpg 573w, https:\/\/concerts-grand-temple-lyon.fr\/wp-content\/uploads\/2025\/03\/DSC_0016_6-168x300.jpg 168w, https:\/\/concerts-grand-temple-lyon.fr\/wp-content\/uploads\/2025\/03\/DSC_0016_6-768x1373.jpg 768w, https:\/\/concerts-grand-temple-lyon.fr\/wp-content\/uploads\/2025\/03\/DSC_0016_6-859x1536.jpg 859w, https:\/\/concerts-grand-temple-lyon.fr\/wp-content\/uploads\/2025\/03\/DSC_0016_6-1145x2048.jpg 1145w, https:\/\/concerts-grand-temple-lyon.fr\/wp-content\/uploads\/2025\/03\/DSC_0016_6-scaled.jpg 1432w\" sizes=\"auto, (max-width: 573px) 100vw, 573px\" \/><\/figure>\n\n\n\n<figure class=\"wp-block-image size-large\"><img loading=\"lazy\" decoding=\"async\" width=\"576\" height=\"1024\" data-id=\"1272\" src=\"https:\/\/concerts-grand-temple-lyon.fr\/wp-content\/uploads\/2025\/03\/DSC_0049_3-576x1024.jpg\" alt=\"\" class=\"wp-image-1272\" srcset=\"https:\/\/concerts-grand-temple-lyon.fr\/wp-content\/uploads\/2025\/03\/DSC_0049_3-576x1024.jpg 576w, https:\/\/concerts-grand-temple-lyon.fr\/wp-content\/uploads\/2025\/03\/DSC_0049_3-169x300.jpg 169w, https:\/\/concerts-grand-temple-lyon.fr\/wp-content\/uploads\/2025\/03\/DSC_0049_3-768x1366.jpg 768w, https:\/\/concerts-grand-temple-lyon.fr\/wp-content\/uploads\/2025\/03\/DSC_0049_3-864x1536.jpg 864w, https:\/\/concerts-grand-temple-lyon.fr\/wp-content\/uploads\/2025\/03\/DSC_0049_3-1151x2048.jpg 1151w, https:\/\/concerts-grand-temple-lyon.fr\/wp-content\/uploads\/2025\/03\/DSC_0049_3-scaled.jpg 1439w\" sizes=\"auto, (max-width: 576px) 100vw, 576px\" \/><\/figure>\n<\/figure>\n\n\n\n<p><\/p>\n\n\n\n<h3 class=\"wp-block-heading\">Contacter le titulaire de l&rsquo;orgue<\/h3>\n\n\n\n<div class=\"wp-block-contact-form-7-contact-form-selector\">\n<div class=\"wpcf7 no-js\" id=\"wpcf7-f1785-o1\" lang=\"fr-FR\" dir=\"ltr\" data-wpcf7-id=\"1785\">\n<div class=\"screen-reader-response\"><p role=\"status\" aria-live=\"polite\" aria-atomic=\"true\"><\/p> <ul><\/ul><\/div>\n<form action=\"\/index.php\/wp-json\/wp\/v2\/pages\/45#wpcf7-f1785-o1\" method=\"post\" class=\"wpcf7-form init\" aria-label=\"Formulaire de contact\" novalidate=\"novalidate\" data-status=\"init\">\n<fieldset class=\"hidden-fields-container\"><input type=\"hidden\" name=\"_wpcf7\" value=\"1785\" \/><input type=\"hidden\" name=\"_wpcf7_version\" value=\"6.1.5\" \/><input type=\"hidden\" name=\"_wpcf7_locale\" value=\"fr_FR\" \/><input type=\"hidden\" name=\"_wpcf7_unit_tag\" value=\"wpcf7-f1785-o1\" \/><input type=\"hidden\" name=\"_wpcf7_container_post\" value=\"0\" \/><input type=\"hidden\" name=\"_wpcf7_posted_data_hash\" value=\"\" \/>\n<\/fieldset>\n<p><label> Indiquez vore pr\u00e9nom et votre nom <span class=\"wpcf7-form-control-wrap\" data-name=\"your-name\"><input size=\"40\" maxlength=\"400\" class=\"wpcf7-form-control wpcf7-text wpcf7-validates-as-required\" autocomplete=\"name\" aria-required=\"true\" aria-invalid=\"false\" value=\"\" type=\"text\" name=\"your-name\" \/><\/span> <\/label>\n<\/p>\n<p><label> Votre e-mail<br \/>\n<span class=\"wpcf7-form-control-wrap\" data-name=\"your-email\"><input size=\"40\" maxlength=\"400\" class=\"wpcf7-form-control wpcf7-email wpcf7-validates-as-required wpcf7-text wpcf7-validates-as-email\" autocomplete=\"email\" aria-required=\"true\" aria-invalid=\"false\" value=\"\" type=\"email\" name=\"your-email\" \/><\/span> <\/label>\n<\/p>\n<p><label> Votre message (facultatif)<br \/>\n<span class=\"wpcf7-form-control-wrap\" data-name=\"your-message\"><textarea cols=\"40\" rows=\"10\" maxlength=\"2000\" class=\"wpcf7-form-control wpcf7-textarea\" aria-invalid=\"false\" name=\"your-message\"><\/textarea><\/span> <\/label>\n<\/p>\n<p><input class=\"wpcf7-form-control wpcf7-submit has-spinner\" type=\"submit\" value=\"Envoyer\" \/>\n<\/p><div class=\"wpcf7-response-output\" aria-hidden=\"true\"><\/div>\n<\/form>\n<\/div>\n<\/div>\n\n\n\n<p><\/p>\n","protected":false},"excerpt":{"rendered":"<p>L\u2019orgue du Grand Temple, qui fait la particularit\u00e9 de cet \u00e9difice inscrit \u00e0 l\u2019inventaire des Monuments Historiques, met la musique [&hellip;]<\/p>\n","protected":false},"author":1,"featured_media":0,"parent":0,"menu_order":6,"comment_status":"closed","ping_status":"closed","template":"","meta":{"site-sidebar-layout":"default","site-content-layout":"","ast-site-content-layout":"default","site-content-style":"default","site-sidebar-style":"default","ast-global-header-display":"","ast-banner-title-visibility":"","ast-main-header-display":"","ast-hfb-above-header-display":"","ast-hfb-below-header-display":"","ast-hfb-mobile-header-display":"","site-post-title":"","ast-breadcrumbs-content":"","ast-featured-img":"","footer-sml-layout":"","ast-disable-related-posts":"","theme-transparent-header-meta":"","adv-header-id-meta":"","stick-header-meta":"","header-above-stick-meta":"","header-main-stick-meta":"","header-below-stick-meta":"","astra-migrate-meta-layouts":"default","ast-page-background-enabled":"default","ast-page-background-meta":{"desktop":{"background-color":"var(--ast-global-color-5)","background-image":"","background-repeat":"repeat","background-position":"center center","background-size":"auto","background-attachment":"scroll","background-type":"","background-media":"","overlay-type":"","overlay-color":"","overlay-opacity":"","overlay-gradient":""},"tablet":{"background-color":"","background-image":"","background-repeat":"repeat","background-position":"center center","background-size":"auto","background-attachment":"scroll","background-type":"","background-media":"","overlay-type":"","overlay-color":"","overlay-opacity":"","overlay-gradient":""},"mobile":{"background-color":"","background-image":"","background-repeat":"repeat","background-position":"center center","background-size":"auto","background-attachment":"scroll","background-type":"","background-media":"","overlay-type":"","overlay-color":"","overlay-opacity":"","overlay-gradient":""}},"ast-content-background-meta":{"desktop":{"background-color":"var(--ast-global-color-4)","background-image":"","background-repeat":"repeat","background-position":"center center","background-size":"auto","background-attachment":"scroll","background-type":"","background-media":"","overlay-type":"","overlay-color":"","overlay-opacity":"","overlay-gradient":""},"tablet":{"background-color":"var(--ast-global-color-4)","background-image":"","background-repeat":"repeat","background-position":"center center","background-size":"auto","background-attachment":"scroll","background-type":"","background-media":"","overlay-type":"","overlay-color":"","overlay-opacity":"","overlay-gradient":""},"mobile":{"background-color":"var(--ast-global-color-4)","background-image":"","background-repeat":"repeat","background-position":"center center","background-size":"auto","background-attachment":"scroll","background-type":"","background-media":"","overlay-type":"","overlay-color":"","overlay-opacity":"","overlay-gradient":""}},"footnotes":""},"folder":[],"class_list":["post-45","page","type-page","status-publish","hentry"],"_links":{"self":[{"href":"https:\/\/concerts-grand-temple-lyon.fr\/index.php\/wp-json\/wp\/v2\/pages\/45","targetHints":{"allow":["GET"]}}],"collection":[{"href":"https:\/\/concerts-grand-temple-lyon.fr\/index.php\/wp-json\/wp\/v2\/pages"}],"about":[{"href":"https:\/\/concerts-grand-temple-lyon.fr\/index.php\/wp-json\/wp\/v2\/types\/page"}],"author":[{"embeddable":true,"href":"https:\/\/concerts-grand-temple-lyon.fr\/index.php\/wp-json\/wp\/v2\/users\/1"}],"replies":[{"embeddable":true,"href":"https:\/\/concerts-grand-temple-lyon.fr\/index.php\/wp-json\/wp\/v2\/comments?post=45"}],"version-history":[{"count":9,"href":"https:\/\/concerts-grand-temple-lyon.fr\/index.php\/wp-json\/wp\/v2\/pages\/45\/revisions"}],"predecessor-version":[{"id":1829,"href":"https:\/\/concerts-grand-temple-lyon.fr\/index.php\/wp-json\/wp\/v2\/pages\/45\/revisions\/1829"}],"wp:attachment":[{"href":"https:\/\/concerts-grand-temple-lyon.fr\/index.php\/wp-json\/wp\/v2\/media?parent=45"}],"wp:term":[{"taxonomy":"folder","embeddable":true,"href":"https:\/\/concerts-grand-temple-lyon.fr\/index.php\/wp-json\/wp\/v2\/folder?post=45"}],"curies":[{"name":"wp","href":"https:\/\/api.w.org\/{rel}","templated":true}]}}