{"id":46,"date":"2022-04-14T14:45:10","date_gmt":"2022-04-14T14:45:10","guid":{"rendered":"http:\/\/aom.local\/?page_id=24"},"modified":"2026-02-15T16:09:04","modified_gmt":"2026-02-15T15:09:04","slug":"contacts-2","status":"publish","type":"page","link":"https:\/\/concerts-grand-temple-lyon.fr\/index.php\/contacts-2\/","title":{"rendered":"Contacts"},"content":{"rendered":"\n<p>Le Grand Temple accueille diverses associations et groupes qui proposent:<\/p>\n\n\n\n<ul class=\"wp-block-list\">\n<li>Des concerts de musique classique profane ou sacr\u00e9e<\/li>\n\n\n\n<li>Des concerts d\u2019orgue<\/li>\n\n\n\n<li>Des concerts de gospel<\/li>\n\n\n\n<li>Des concerts lyriques<\/li>\n\n\n\n<li>Des oratorios<\/li>\n\n\n\n<li>Des cin\u00e9-concerts<\/li>\n\n\n\n<li>Des spectacles audio-visuels<\/li>\n\n\n\n<li>Des spectacles de th\u00e9\u00e2tre \/ danse \/ musique<\/li>\n\n\n\n<li>Des conf\u00e9rences<\/li>\n<\/ul>\n\n\n\n<p>Vous avez envie d\u2019organiser un \u00e9v\u00e9nement chez nous? Vous souhaitez plus d\u2019information sur le Grand Temple de Lyon ou l\u2019Espace Bancel? N\u2019h\u00e9sitez plus et contactez nous pour nous rencontrer. Les possibilit\u00e9s d&rsquo;installation sont vari\u00e9es.<\/p>\n\n\n\n<figure class=\"wp-block-gallery has-nested-images columns-3 is-cropped wp-block-gallery-1 is-layout-flex wp-block-gallery-is-layout-flex\">\n<figure class=\"wp-block-image size-large\"><img loading=\"lazy\" decoding=\"async\" width=\"1024\" height=\"765\" data-id=\"1766\" src=\"https:\/\/concerts-grand-temple-lyon.fr\/wp-content\/uploads\/2025\/03\/instal5-1024x765.jpg\" alt=\"\" class=\"wp-image-1766\" srcset=\"https:\/\/concerts-grand-temple-lyon.fr\/wp-content\/uploads\/2025\/03\/instal5-1024x765.jpg 1024w, https:\/\/concerts-grand-temple-lyon.fr\/wp-content\/uploads\/2025\/03\/instal5-300x224.jpg 300w, https:\/\/concerts-grand-temple-lyon.fr\/wp-content\/uploads\/2025\/03\/instal5-768x574.jpg 768w, https:\/\/concerts-grand-temple-lyon.fr\/wp-content\/uploads\/2025\/03\/instal5-1536x1148.jpg 1536w, https:\/\/concerts-grand-temple-lyon.fr\/wp-content\/uploads\/2025\/03\/instal5-2048x1531.jpg 2048w\" sizes=\"auto, (max-width: 1024px) 100vw, 1024px\" \/><\/figure>\n\n\n\n<figure class=\"wp-block-image size-large\"><img loading=\"lazy\" decoding=\"async\" width=\"1024\" height=\"768\" data-id=\"1765\" src=\"https:\/\/concerts-grand-temple-lyon.fr\/wp-content\/uploads\/2025\/03\/instal4-1024x768.jpg\" alt=\"\" class=\"wp-image-1765\" srcset=\"https:\/\/concerts-grand-temple-lyon.fr\/wp-content\/uploads\/2025\/03\/instal4-1024x768.jpg 1024w, https:\/\/concerts-grand-temple-lyon.fr\/wp-content\/uploads\/2025\/03\/instal4-300x225.jpg 300w, https:\/\/concerts-grand-temple-lyon.fr\/wp-content\/uploads\/2025\/03\/instal4-768x576.jpg 768w, https:\/\/concerts-grand-temple-lyon.fr\/wp-content\/uploads\/2025\/03\/instal4-1536x1152.jpg 1536w, https:\/\/concerts-grand-temple-lyon.fr\/wp-content\/uploads\/2025\/03\/instal4-2048x1536.jpg 2048w\" sizes=\"auto, (max-width: 1024px) 100vw, 1024px\" \/><\/figure>\n\n\n\n<figure class=\"wp-block-image size-large\"><img loading=\"lazy\" decoding=\"async\" width=\"1024\" height=\"768\" data-id=\"1764\" src=\"https:\/\/concerts-grand-temple-lyon.fr\/wp-content\/uploads\/2025\/03\/instal3-1024x768.jpg\" alt=\"\" class=\"wp-image-1764\" srcset=\"https:\/\/concerts-grand-temple-lyon.fr\/wp-content\/uploads\/2025\/03\/instal3-1024x768.jpg 1024w, https:\/\/concerts-grand-temple-lyon.fr\/wp-content\/uploads\/2025\/03\/instal3-300x225.jpg 300w, https:\/\/concerts-grand-temple-lyon.fr\/wp-content\/uploads\/2025\/03\/instal3-768x576.jpg 768w, https:\/\/concerts-grand-temple-lyon.fr\/wp-content\/uploads\/2025\/03\/instal3-1536x1152.jpg 1536w, https:\/\/concerts-grand-temple-lyon.fr\/wp-content\/uploads\/2025\/03\/instal3-2048x1536.jpg 2048w\" sizes=\"auto, (max-width: 1024px) 100vw, 1024px\" \/><\/figure>\n\n\n\n<figure class=\"wp-block-image size-large\"><img loading=\"lazy\" decoding=\"async\" width=\"1024\" height=\"768\" data-id=\"1763\" src=\"https:\/\/concerts-grand-temple-lyon.fr\/wp-content\/uploads\/2025\/03\/instal2-1024x768.jpg\" alt=\"\" class=\"wp-image-1763\" srcset=\"https:\/\/concerts-grand-temple-lyon.fr\/wp-content\/uploads\/2025\/03\/instal2-1024x768.jpg 1024w, https:\/\/concerts-grand-temple-lyon.fr\/wp-content\/uploads\/2025\/03\/instal2-300x225.jpg 300w, https:\/\/concerts-grand-temple-lyon.fr\/wp-content\/uploads\/2025\/03\/instal2-768x576.jpg 768w, https:\/\/concerts-grand-temple-lyon.fr\/wp-content\/uploads\/2025\/03\/instal2-1536x1152.jpg 1536w, https:\/\/concerts-grand-temple-lyon.fr\/wp-content\/uploads\/2025\/03\/instal2-2048x1536.jpg 2048w\" sizes=\"auto, (max-width: 1024px) 100vw, 1024px\" \/><\/figure>\n\n\n\n<figure class=\"wp-block-image size-large\"><img loading=\"lazy\" decoding=\"async\" width=\"1024\" height=\"768\" data-id=\"1762\" src=\"https:\/\/concerts-grand-temple-lyon.fr\/wp-content\/uploads\/2025\/03\/instal1-1024x768.jpg\" alt=\"\" class=\"wp-image-1762\" srcset=\"https:\/\/concerts-grand-temple-lyon.fr\/wp-content\/uploads\/2025\/03\/instal1-1024x768.jpg 1024w, https:\/\/concerts-grand-temple-lyon.fr\/wp-content\/uploads\/2025\/03\/instal1-300x225.jpg 300w, https:\/\/concerts-grand-temple-lyon.fr\/wp-content\/uploads\/2025\/03\/instal1-768x576.jpg 768w, https:\/\/concerts-grand-temple-lyon.fr\/wp-content\/uploads\/2025\/03\/instal1-1536x1152.jpg 1536w, https:\/\/concerts-grand-temple-lyon.fr\/wp-content\/uploads\/2025\/03\/instal1-2048x1536.jpg 2048w\" sizes=\"auto, (max-width: 1024px) 100vw, 1024px\" \/><\/figure>\n\n\n\n<figure class=\"wp-block-image size-large\"><img loading=\"lazy\" decoding=\"async\" width=\"1024\" height=\"765\" data-id=\"1767\" src=\"https:\/\/concerts-grand-temple-lyon.fr\/wp-content\/uploads\/2025\/03\/instal6-1024x765.jpg\" alt=\"\" class=\"wp-image-1767\" srcset=\"https:\/\/concerts-grand-temple-lyon.fr\/wp-content\/uploads\/2025\/03\/instal6-1024x765.jpg 1024w, https:\/\/concerts-grand-temple-lyon.fr\/wp-content\/uploads\/2025\/03\/instal6-300x224.jpg 300w, https:\/\/concerts-grand-temple-lyon.fr\/wp-content\/uploads\/2025\/03\/instal6-768x574.jpg 768w, https:\/\/concerts-grand-temple-lyon.fr\/wp-content\/uploads\/2025\/03\/instal6-1536x1148.jpg 1536w, https:\/\/concerts-grand-temple-lyon.fr\/wp-content\/uploads\/2025\/03\/instal6-2048x1531.jpg 2048w\" sizes=\"auto, (max-width: 1024px) 100vw, 1024px\" \/><\/figure>\n<\/figure>\n\n\n\n<p><\/p>\n\n\n\n<p class=\"has-text-align-center\">Le responsable Communication, Relations Ext\u00e9rieures et Logistique est<strong><mark style=\"background-color:rgba(0, 0, 0, 0)\" class=\"has-inline-color has-ast-global-color-1-color\"> Michel Gothi\u00e9.<\/mark><\/strong>  Tel: 06 01 48 66 87 e-mail: <a href=\"mailto:michel.gothie@club-internet.fr\">michel.gothie@club-internet.fr<\/a> <\/p>\n\n\n\n<figure class=\"wp-block-gallery has-nested-images columns-5 is-cropped wp-block-gallery-2 is-layout-flex wp-block-gallery-is-layout-flex\">\n<figure class=\"wp-block-image size-large\"><img loading=\"lazy\" decoding=\"async\" width=\"1024\" height=\"768\" data-id=\"1770\" src=\"https:\/\/concerts-grand-temple-lyon.fr\/wp-content\/uploads\/2025\/03\/occup3-1024x768.jpg\" alt=\"\" class=\"wp-image-1770\" srcset=\"https:\/\/concerts-grand-temple-lyon.fr\/wp-content\/uploads\/2025\/03\/occup3-1024x768.jpg 1024w, https:\/\/concerts-grand-temple-lyon.fr\/wp-content\/uploads\/2025\/03\/occup3-300x225.jpg 300w, https:\/\/concerts-grand-temple-lyon.fr\/wp-content\/uploads\/2025\/03\/occup3-768x576.jpg 768w, https:\/\/concerts-grand-temple-lyon.fr\/wp-content\/uploads\/2025\/03\/occup3.jpg 1280w\" sizes=\"auto, (max-width: 1024px) 100vw, 1024px\" \/><\/figure>\n\n\n\n<figure class=\"wp-block-image size-large\"><img loading=\"lazy\" decoding=\"async\" width=\"765\" height=\"1024\" data-id=\"1760\" src=\"https:\/\/concerts-grand-temple-lyon.fr\/wp-content\/uploads\/2025\/03\/deco2-765x1024.jpg\" alt=\"\" class=\"wp-image-1760\" srcset=\"https:\/\/concerts-grand-temple-lyon.fr\/wp-content\/uploads\/2025\/03\/deco2-765x1024.jpg 765w, https:\/\/concerts-grand-temple-lyon.fr\/wp-content\/uploads\/2025\/03\/deco2-224x300.jpg 224w, https:\/\/concerts-grand-temple-lyon.fr\/wp-content\/uploads\/2025\/03\/deco2-768x1028.jpg 768w, https:\/\/concerts-grand-temple-lyon.fr\/wp-content\/uploads\/2025\/03\/deco2-1148x1536.jpg 1148w, https:\/\/concerts-grand-temple-lyon.fr\/wp-content\/uploads\/2025\/03\/deco2-1531x2048.jpg 1531w, https:\/\/concerts-grand-temple-lyon.fr\/wp-content\/uploads\/2025\/03\/deco2-scaled.jpg 1913w\" sizes=\"auto, (max-width: 765px) 100vw, 765px\" \/><\/figure>\n\n\n\n<figure class=\"wp-block-image size-large\"><img loading=\"lazy\" decoding=\"async\" width=\"1024\" height=\"768\" data-id=\"1769\" src=\"https:\/\/concerts-grand-temple-lyon.fr\/wp-content\/uploads\/2025\/03\/occup2-1024x768.jpg\" alt=\"\" class=\"wp-image-1769\" srcset=\"https:\/\/concerts-grand-temple-lyon.fr\/wp-content\/uploads\/2025\/03\/occup2-1024x768.jpg 1024w, https:\/\/concerts-grand-temple-lyon.fr\/wp-content\/uploads\/2025\/03\/occup2-300x225.jpg 300w, https:\/\/concerts-grand-temple-lyon.fr\/wp-content\/uploads\/2025\/03\/occup2-768x576.jpg 768w, https:\/\/concerts-grand-temple-lyon.fr\/wp-content\/uploads\/2025\/03\/occup2-1536x1152.jpg 1536w, https:\/\/concerts-grand-temple-lyon.fr\/wp-content\/uploads\/2025\/03\/occup2-2048x1536.jpg 2048w\" sizes=\"auto, (max-width: 1024px) 100vw, 1024px\" \/><\/figure>\n\n\n\n<figure class=\"wp-block-image size-large\"><img loading=\"lazy\" decoding=\"async\" width=\"765\" height=\"1024\" data-id=\"1759\" src=\"https:\/\/concerts-grand-temple-lyon.fr\/wp-content\/uploads\/2025\/03\/deco1-765x1024.jpg\" alt=\"\" class=\"wp-image-1759\" srcset=\"https:\/\/concerts-grand-temple-lyon.fr\/wp-content\/uploads\/2025\/03\/deco1-765x1024.jpg 765w, https:\/\/concerts-grand-temple-lyon.fr\/wp-content\/uploads\/2025\/03\/deco1-224x300.jpg 224w, https:\/\/concerts-grand-temple-lyon.fr\/wp-content\/uploads\/2025\/03\/deco1-768x1028.jpg 768w, https:\/\/concerts-grand-temple-lyon.fr\/wp-content\/uploads\/2025\/03\/deco1-1148x1536.jpg 1148w, https:\/\/concerts-grand-temple-lyon.fr\/wp-content\/uploads\/2025\/03\/deco1-1531x2048.jpg 1531w, https:\/\/concerts-grand-temple-lyon.fr\/wp-content\/uploads\/2025\/03\/deco1-scaled.jpg 1913w\" sizes=\"auto, (max-width: 765px) 100vw, 765px\" \/><\/figure>\n\n\n\n<figure class=\"wp-block-image size-large\"><img loading=\"lazy\" decoding=\"async\" width=\"1024\" height=\"768\" data-id=\"1768\" src=\"https:\/\/concerts-grand-temple-lyon.fr\/wp-content\/uploads\/2025\/03\/occup1-1024x768.jpg\" alt=\"\" class=\"wp-image-1768\" srcset=\"https:\/\/concerts-grand-temple-lyon.fr\/wp-content\/uploads\/2025\/03\/occup1-1024x768.jpg 1024w, https:\/\/concerts-grand-temple-lyon.fr\/wp-content\/uploads\/2025\/03\/occup1-300x225.jpg 300w, https:\/\/concerts-grand-temple-lyon.fr\/wp-content\/uploads\/2025\/03\/occup1-768x576.jpg 768w, https:\/\/concerts-grand-temple-lyon.fr\/wp-content\/uploads\/2025\/03\/occup1-1536x1152.jpg 1536w, https:\/\/concerts-grand-temple-lyon.fr\/wp-content\/uploads\/2025\/03\/occup1-2048x1536.jpg 2048w\" sizes=\"auto, (max-width: 1024px) 100vw, 1024px\" \/><\/figure>\n\n\n\n<figure class=\"wp-block-image size-large\"><img loading=\"lazy\" decoding=\"async\" width=\"1024\" height=\"768\" data-id=\"1757\" src=\"https:\/\/concerts-grand-temple-lyon.fr\/wp-content\/uploads\/2025\/03\/occup6-1024x768.jpg\" alt=\"\" class=\"wp-image-1757\" srcset=\"https:\/\/concerts-grand-temple-lyon.fr\/wp-content\/uploads\/2025\/03\/occup6-1024x768.jpg 1024w, https:\/\/concerts-grand-temple-lyon.fr\/wp-content\/uploads\/2025\/03\/occup6-300x225.jpg 300w, https:\/\/concerts-grand-temple-lyon.fr\/wp-content\/uploads\/2025\/03\/occup6-768x576.jpg 768w, https:\/\/concerts-grand-temple-lyon.fr\/wp-content\/uploads\/2025\/03\/occup6-1536x1152.jpg 1536w, https:\/\/concerts-grand-temple-lyon.fr\/wp-content\/uploads\/2025\/03\/occup6-2048x1536.jpg 2048w\" sizes=\"auto, (max-width: 1024px) 100vw, 1024px\" \/><\/figure>\n\n\n\n<figure class=\"wp-block-image size-large\"><img loading=\"lazy\" decoding=\"async\" width=\"765\" height=\"1024\" data-id=\"1761\" src=\"https:\/\/concerts-grand-temple-lyon.fr\/wp-content\/uploads\/2025\/03\/deco3-765x1024.jpg\" alt=\"\" class=\"wp-image-1761\" srcset=\"https:\/\/concerts-grand-temple-lyon.fr\/wp-content\/uploads\/2025\/03\/deco3-765x1024.jpg 765w, https:\/\/concerts-grand-temple-lyon.fr\/wp-content\/uploads\/2025\/03\/deco3-224x300.jpg 224w, https:\/\/concerts-grand-temple-lyon.fr\/wp-content\/uploads\/2025\/03\/deco3-768x1028.jpg 768w, https:\/\/concerts-grand-temple-lyon.fr\/wp-content\/uploads\/2025\/03\/deco3-1148x1536.jpg 1148w, https:\/\/concerts-grand-temple-lyon.fr\/wp-content\/uploads\/2025\/03\/deco3-1531x2048.jpg 1531w, https:\/\/concerts-grand-temple-lyon.fr\/wp-content\/uploads\/2025\/03\/deco3-scaled.jpg 1913w\" sizes=\"auto, (max-width: 765px) 100vw, 765px\" \/><\/figure>\n\n\n\n<figure class=\"wp-block-image size-large\"><img loading=\"lazy\" decoding=\"async\" width=\"1024\" height=\"768\" data-id=\"1755\" src=\"https:\/\/concerts-grand-temple-lyon.fr\/wp-content\/uploads\/2025\/03\/occup4-1024x768.jpg\" alt=\"\" class=\"wp-image-1755\" srcset=\"https:\/\/concerts-grand-temple-lyon.fr\/wp-content\/uploads\/2025\/03\/occup4-1024x768.jpg 1024w, https:\/\/concerts-grand-temple-lyon.fr\/wp-content\/uploads\/2025\/03\/occup4-300x225.jpg 300w, https:\/\/concerts-grand-temple-lyon.fr\/wp-content\/uploads\/2025\/03\/occup4-768x576.jpg 768w, https:\/\/concerts-grand-temple-lyon.fr\/wp-content\/uploads\/2025\/03\/occup4-1536x1152.jpg 1536w, https:\/\/concerts-grand-temple-lyon.fr\/wp-content\/uploads\/2025\/03\/occup4-2048x1536.jpg 2048w\" sizes=\"auto, (max-width: 1024px) 100vw, 1024px\" \/><\/figure>\n\n\n\n<figure class=\"wp-block-image size-large\"><img loading=\"lazy\" decoding=\"async\" width=\"1024\" height=\"576\" data-id=\"1756\" src=\"https:\/\/concerts-grand-temple-lyon.fr\/wp-content\/uploads\/2025\/03\/occup5-1024x576.jpg\" alt=\"\" class=\"wp-image-1756\" srcset=\"https:\/\/concerts-grand-temple-lyon.fr\/wp-content\/uploads\/2025\/03\/occup5-1024x576.jpg 1024w, https:\/\/concerts-grand-temple-lyon.fr\/wp-content\/uploads\/2025\/03\/occup5-300x169.jpg 300w, https:\/\/concerts-grand-temple-lyon.fr\/wp-content\/uploads\/2025\/03\/occup5-768x432.jpg 768w, https:\/\/concerts-grand-temple-lyon.fr\/wp-content\/uploads\/2025\/03\/occup5-1536x864.jpg 1536w, https:\/\/concerts-grand-temple-lyon.fr\/wp-content\/uploads\/2025\/03\/occup5-2048x1151.jpg 2048w\" sizes=\"auto, (max-width: 1024px) 100vw, 1024px\" \/><\/figure>\n<\/figure>\n\n\n\n<p>Cr\u00e9ez votre ambiance. Le directeur artistique est Fr\u00e9d\u00e9ric Lamantia \u2013 06 89 61 77 01 \u2013 frederic.lamantia@orange.fr<\/p>\n\n\n\n<p class=\"has-text-align-center\"><\/p>\n\n\n\n<p><\/p>\n","protected":false},"excerpt":{"rendered":"<p>Le Grand Temple accueille diverses associations et groupes qui proposent: Vous avez envie d\u2019organiser un \u00e9v\u00e9nement chez nous? Vous souhaitez [&hellip;]<\/p>\n","protected":false},"author":1,"featured_media":0,"parent":0,"menu_order":8,"comment_status":"closed","ping_status":"closed","template":"","meta":{"site-sidebar-layout":"default","site-content-layout":"","ast-site-content-layout":"default","site-content-style":"default","site-sidebar-style":"default","ast-global-header-display":"","ast-banner-title-visibility":"","ast-main-header-display":"","ast-hfb-above-header-display":"","ast-hfb-below-header-display":"","ast-hfb-mobile-header-display":"","site-post-title":"","ast-breadcrumbs-content":"","ast-featured-img":"","footer-sml-layout":"","ast-disable-related-posts":"","theme-transparent-header-meta":"","adv-header-id-meta":"","stick-header-meta":"","header-above-stick-meta":"","header-main-stick-meta":"","header-below-stick-meta":"","astra-migrate-meta-layouts":"default","ast-page-background-enabled":"default","ast-page-background-meta":{"desktop":{"background-color":"var(--ast-global-color-5)","background-image":"","background-repeat":"repeat","background-position":"center center","background-size":"auto","background-attachment":"scroll","background-type":"","background-media":"","overlay-type":"","overlay-color":"","overlay-opacity":"","overlay-gradient":""},"tablet":{"background-color":"","background-image":"","background-repeat":"repeat","background-position":"center center","background-size":"auto","background-attachment":"scroll","background-type":"","background-media":"","overlay-type":"","overlay-color":"","overlay-opacity":"","overlay-gradient":""},"mobile":{"background-color":"","background-image":"","background-repeat":"repeat","background-position":"center center","background-size":"auto","background-attachment":"scroll","background-type":"","background-media":"","overlay-type":"","overlay-color":"","overlay-opacity":"","overlay-gradient":""}},"ast-content-background-meta":{"desktop":{"background-color":"var(--ast-global-color-4)","background-image":"","background-repeat":"repeat","background-position":"center center","background-size":"auto","background-attachment":"scroll","background-type":"","background-media":"","overlay-type":"","overlay-color":"","overlay-opacity":"","overlay-gradient":""},"tablet":{"background-color":"var(--ast-global-color-4)","background-image":"","background-repeat":"repeat","background-position":"center center","background-size":"auto","background-attachment":"scroll","background-type":"","background-media":"","overlay-type":"","overlay-color":"","overlay-opacity":"","overlay-gradient":""},"mobile":{"background-color":"var(--ast-global-color-4)","background-image":"","background-repeat":"repeat","background-position":"center center","background-size":"auto","background-attachment":"scroll","background-type":"","background-media":"","overlay-type":"","overlay-color":"","overlay-opacity":"","overlay-gradient":""}},"footnotes":""},"folder":[],"class_list":["post-46","page","type-page","status-publish","hentry"],"_links":{"self":[{"href":"https:\/\/concerts-grand-temple-lyon.fr\/index.php\/wp-json\/wp\/v2\/pages\/46","targetHints":{"allow":["GET"]}}],"collection":[{"href":"https:\/\/concerts-grand-temple-lyon.fr\/index.php\/wp-json\/wp\/v2\/pages"}],"about":[{"href":"https:\/\/concerts-grand-temple-lyon.fr\/index.php\/wp-json\/wp\/v2\/types\/page"}],"author":[{"embeddable":true,"href":"https:\/\/concerts-grand-temple-lyon.fr\/index.php\/wp-json\/wp\/v2\/users\/1"}],"replies":[{"embeddable":true,"href":"https:\/\/concerts-grand-temple-lyon.fr\/index.php\/wp-json\/wp\/v2\/comments?post=46"}],"version-history":[{"count":14,"href":"https:\/\/concerts-grand-temple-lyon.fr\/index.php\/wp-json\/wp\/v2\/pages\/46\/revisions"}],"predecessor-version":[{"id":1839,"href":"https:\/\/concerts-grand-temple-lyon.fr\/index.php\/wp-json\/wp\/v2\/pages\/46\/revisions\/1839"}],"wp:attachment":[{"href":"https:\/\/concerts-grand-temple-lyon.fr\/index.php\/wp-json\/wp\/v2\/media?parent=46"}],"wp:term":[{"taxonomy":"folder","embeddable":true,"href":"https:\/\/concerts-grand-temple-lyon.fr\/index.php\/wp-json\/wp\/v2\/folder?post=46"}],"curies":[{"name":"wp","href":"https:\/\/api.w.org\/{rel}","templated":true}]}}