{"id":553,"date":"2017-03-08T21:04:59","date_gmt":"2017-03-08T21:04:59","guid":{"rendered":"http:\/\/orgue-et-musique.fr\/?page_id=119"},"modified":"2026-02-15T16:08:43","modified_gmt":"2026-02-15T15:08:43","slug":"grand-temple-2","status":"publish","type":"page","link":"https:\/\/concerts-grand-temple-lyon.fr\/index.php\/grand-temple-2\/","title":{"rendered":"Le Grand Temple"},"content":{"rendered":"\n<figure class=\"wp-block-image aligncenter size-large is-resized\"><img loading=\"lazy\" decoding=\"async\" width=\"576\" height=\"1024\" src=\"http:\/\/concerts-grand-temple-lyon.fr\/wp-content\/uploads\/2025\/03\/DSC_0713-576x1024.jpg\" alt=\"\" class=\"wp-image-1310\" style=\"aspect-ratio:1.7733990147783252;width:431px;height:auto\" srcset=\"https:\/\/concerts-grand-temple-lyon.fr\/wp-content\/uploads\/2025\/03\/DSC_0713-576x1024.jpg 576w, https:\/\/concerts-grand-temple-lyon.fr\/wp-content\/uploads\/2025\/03\/DSC_0713-169x300.jpg 169w, https:\/\/concerts-grand-temple-lyon.fr\/wp-content\/uploads\/2025\/03\/DSC_0713-768x1365.jpg 768w, https:\/\/concerts-grand-temple-lyon.fr\/wp-content\/uploads\/2025\/03\/DSC_0713-864x1536.jpg 864w, https:\/\/concerts-grand-temple-lyon.fr\/wp-content\/uploads\/2025\/03\/DSC_0713-1152x2048.jpg 1152w, https:\/\/concerts-grand-temple-lyon.fr\/wp-content\/uploads\/2025\/03\/DSC_0713-scaled.jpg 1440w\" sizes=\"auto, (max-width: 576px) 100vw, 576px\" \/><\/figure>\n\n\n\n<p>Le style du Grand Temple est tr\u00e8s fortement marqu\u00e9 par son \u00e9poque de construction (1873 \u2013 1884) et n\u2019est pas repr\u00e9sentatif du style des lieux de culte r\u00e9form\u00e9 en France. Il se rattache plut\u00f4t au style n\u00e9obyzantin.<\/p>\n\n\n\n<figure class=\"wp-block-image aligncenter size-large is-resized\"><img loading=\"lazy\" decoding=\"async\" width=\"576\" height=\"1024\" src=\"http:\/\/concerts-grand-temple-lyon.fr\/wp-content\/uploads\/2025\/03\/DSC_0003_28-e1523221687654-576x1024.jpg\" alt=\"\" class=\"wp-image-1306\" style=\"width:321px;height:auto\" srcset=\"https:\/\/concerts-grand-temple-lyon.fr\/wp-content\/uploads\/2025\/03\/DSC_0003_28-e1523221687654-576x1024.jpg 576w, https:\/\/concerts-grand-temple-lyon.fr\/wp-content\/uploads\/2025\/03\/DSC_0003_28-e1523221687654-169x300.jpg 169w, https:\/\/concerts-grand-temple-lyon.fr\/wp-content\/uploads\/2025\/03\/DSC_0003_28-e1523221687654-768x1366.jpg 768w, https:\/\/concerts-grand-temple-lyon.fr\/wp-content\/uploads\/2025\/03\/DSC_0003_28-e1523221687654-864x1536.jpg 864w, https:\/\/concerts-grand-temple-lyon.fr\/wp-content\/uploads\/2025\/03\/DSC_0003_28-e1523221687654-1151x2048.jpg 1151w, https:\/\/concerts-grand-temple-lyon.fr\/wp-content\/uploads\/2025\/03\/DSC_0003_28-e1523221687654-scaled.jpg 1439w\" sizes=\"auto, (max-width: 576px) 100vw, 576px\" \/><\/figure>\n\n\n\n<p>Apr\u00e8s le r\u00e9tablissement du culte protestant en 1801 et au moment du concordat en 1803, la Loge du Change de Souflot est mise \u00e0 disposition des protestants par la ville de Lyon. Tr\u00e8s vite l\u2019\u00e9difice devient insuffisant au regard de l\u2019accroissement de la population protestante et d\u00e8s 1860, il est question d\u2019\u00e9difier un Temple sur la rive gauche du Rh\u00f4ne. L\u2019id\u00e9e en revient \u00e0 Jules Aeschimann, pasteur \u00e0 Lyon depuis 1833.<\/p>\n\n\n\n<p>La construction sera confi\u00e9e \u00e0 un architecte lyonnais, Gaspard Andr\u00e9 (1840 \u2013 1896) \u00e0 qui Lyon doit \u00e9galement le th\u00e9\u00e2tre des C\u00e9lestins, l\u2019Eglise Saint Joseph et la fontaine des Jacobins.<\/p>\n\n\n\n<figure class=\"wp-block-gallery aligncenter has-nested-images columns-default uag-masonry uagb-block-372bbfa5 wp-block-gallery-1 is-layout-flex wp-block-gallery-is-layout-flex\">\n<figure class=\"wp-block-image size-medium\"><img loading=\"lazy\" decoding=\"async\" width=\"300\" height=\"300\" data-id=\"1360\" src=\"https:\/\/concerts-grand-temple-lyon.fr\/wp-content\/uploads\/2025\/03\/luc-greliche-free-fr_dsc01422-300x300.jpg\" alt=\"\" class=\"wp-image-1360\" srcset=\"https:\/\/concerts-grand-temple-lyon.fr\/wp-content\/uploads\/2025\/03\/luc-greliche-free-fr_dsc01422-300x300.jpg 300w, https:\/\/concerts-grand-temple-lyon.fr\/wp-content\/uploads\/2025\/03\/luc-greliche-free-fr_dsc01422-150x150.jpg 150w, https:\/\/concerts-grand-temple-lyon.fr\/wp-content\/uploads\/2025\/03\/luc-greliche-free-fr_dsc01422.jpg 540w\" sizes=\"auto, (max-width: 300px) 100vw, 300px\" \/><\/figure>\n\n\n\n<figure class=\"wp-block-image size-medium\"><img loading=\"lazy\" decoding=\"async\" width=\"225\" height=\"300\" data-id=\"1359\" src=\"http:\/\/concerts-grand-temple-lyon.fr\/wp-content\/uploads\/2025\/03\/lyon-3e-quai-victor-augagneur-grand-temple-de-lyon-22-photo-lg-225x300.jpeg\" alt=\"\" class=\"wp-image-1359\" srcset=\"https:\/\/concerts-grand-temple-lyon.fr\/wp-content\/uploads\/2025\/03\/lyon-3e-quai-victor-augagneur-grand-temple-de-lyon-22-photo-lg-225x300.jpeg 225w, https:\/\/concerts-grand-temple-lyon.fr\/wp-content\/uploads\/2025\/03\/lyon-3e-quai-victor-augagneur-grand-temple-de-lyon-22-photo-lg-768x1024.jpeg 768w, https:\/\/concerts-grand-temple-lyon.fr\/wp-content\/uploads\/2025\/03\/lyon-3e-quai-victor-augagneur-grand-temple-de-lyon-22-photo-lg.jpeg 960w\" sizes=\"auto, (max-width: 225px) 100vw, 225px\" \/><\/figure>\n\n\n\n<figure class=\"wp-block-image size-medium\"><img loading=\"lazy\" decoding=\"async\" width=\"168\" height=\"300\" data-id=\"1293\" src=\"https:\/\/concerts-grand-temple-lyon.fr\/wp-content\/uploads\/2025\/03\/DSC_0086_2-168x300.jpg\" alt=\"\" class=\"wp-image-1293\" srcset=\"https:\/\/concerts-grand-temple-lyon.fr\/wp-content\/uploads\/2025\/03\/DSC_0086_2-168x300.jpg 168w, https:\/\/concerts-grand-temple-lyon.fr\/wp-content\/uploads\/2025\/03\/DSC_0086_2-573x1024.jpg 573w, https:\/\/concerts-grand-temple-lyon.fr\/wp-content\/uploads\/2025\/03\/DSC_0086_2-768x1373.jpg 768w, https:\/\/concerts-grand-temple-lyon.fr\/wp-content\/uploads\/2025\/03\/DSC_0086_2-859x1536.jpg 859w, https:\/\/concerts-grand-temple-lyon.fr\/wp-content\/uploads\/2025\/03\/DSC_0086_2-1145x2048.jpg 1145w, https:\/\/concerts-grand-temple-lyon.fr\/wp-content\/uploads\/2025\/03\/DSC_0086_2-scaled.jpg 1432w\" sizes=\"auto, (max-width: 168px) 100vw, 168px\" \/><\/figure>\n\n\n\n<figure class=\"wp-block-image size-medium\"><img loading=\"lazy\" decoding=\"async\" width=\"300\" height=\"169\" data-id=\"1291\" src=\"https:\/\/concerts-grand-temple-lyon.fr\/wp-content\/uploads\/2025\/03\/DSC_0063_2-300x169.jpg\" alt=\"\" class=\"wp-image-1291\" srcset=\"https:\/\/concerts-grand-temple-lyon.fr\/wp-content\/uploads\/2025\/03\/DSC_0063_2-300x169.jpg 300w, https:\/\/concerts-grand-temple-lyon.fr\/wp-content\/uploads\/2025\/03\/DSC_0063_2-1024x576.jpg 1024w, https:\/\/concerts-grand-temple-lyon.fr\/wp-content\/uploads\/2025\/03\/DSC_0063_2-768x432.jpg 768w, https:\/\/concerts-grand-temple-lyon.fr\/wp-content\/uploads\/2025\/03\/DSC_0063_2-1536x864.jpg 1536w, https:\/\/concerts-grand-temple-lyon.fr\/wp-content\/uploads\/2025\/03\/DSC_0063_2-2048x1151.jpg 2048w\" sizes=\"auto, (max-width: 300px) 100vw, 300px\" \/><\/figure>\n\n\n\n<figure class=\"wp-block-image size-medium\"><img loading=\"lazy\" decoding=\"async\" width=\"168\" height=\"300\" data-id=\"1283\" src=\"https:\/\/concerts-grand-temple-lyon.fr\/wp-content\/uploads\/2025\/03\/DSC_0118-168x300.jpg\" alt=\"\" class=\"wp-image-1283\" srcset=\"https:\/\/concerts-grand-temple-lyon.fr\/wp-content\/uploads\/2025\/03\/DSC_0118-168x300.jpg 168w, https:\/\/concerts-grand-temple-lyon.fr\/wp-content\/uploads\/2025\/03\/DSC_0118-573x1024.jpg 573w, https:\/\/concerts-grand-temple-lyon.fr\/wp-content\/uploads\/2025\/03\/DSC_0118-768x1373.jpg 768w, https:\/\/concerts-grand-temple-lyon.fr\/wp-content\/uploads\/2025\/03\/DSC_0118-859x1536.jpg 859w, https:\/\/concerts-grand-temple-lyon.fr\/wp-content\/uploads\/2025\/03\/DSC_0118-1145x2048.jpg 1145w, https:\/\/concerts-grand-temple-lyon.fr\/wp-content\/uploads\/2025\/03\/DSC_0118-scaled.jpg 1432w\" sizes=\"auto, (max-width: 168px) 100vw, 168px\" \/><\/figure>\n\n\n\n<figure class=\"wp-block-image size-large\"><img loading=\"lazy\" decoding=\"async\" width=\"1024\" height=\"576\" data-id=\"1282\" src=\"https:\/\/concerts-grand-temple-lyon.fr\/wp-content\/uploads\/2025\/03\/DSC_0112-1024x576.jpg\" alt=\"\" class=\"wp-image-1282\" srcset=\"https:\/\/concerts-grand-temple-lyon.fr\/wp-content\/uploads\/2025\/03\/DSC_0112-1024x576.jpg 1024w, https:\/\/concerts-grand-temple-lyon.fr\/wp-content\/uploads\/2025\/03\/DSC_0112-300x169.jpg 300w, https:\/\/concerts-grand-temple-lyon.fr\/wp-content\/uploads\/2025\/03\/DSC_0112-768x432.jpg 768w, https:\/\/concerts-grand-temple-lyon.fr\/wp-content\/uploads\/2025\/03\/DSC_0112-1536x864.jpg 1536w, https:\/\/concerts-grand-temple-lyon.fr\/wp-content\/uploads\/2025\/03\/DSC_0112-2048x1151.jpg 2048w\" sizes=\"auto, (max-width: 1024px) 100vw, 1024px\" \/><\/figure>\n<\/figure>\n\n\n\n<p>Le&nbsp; programme architectural est pr\u00e9sent\u00e9 au consistoire le 20 janvier 1873,&nbsp; approuv\u00e9 par celui-ci&nbsp; le 22 avril, modifi\u00e9 le 9 avril 1874 et agr\u00e9\u00e9 par le pr\u00e9fet du Rh\u00f4ne le 18 ao\u00fbt 1879. Pendant le temps des d\u00e9marches, les fonds destin\u00e9s \u00e0 la construction de l\u2019\u00e9difice sont r\u00e9colt\u00e9s aupr\u00e8s des paroissiens.<\/p>\n\n\n\n<p>Une subvention accord\u00e9e par la ville de Lyon (50.000 francs) et une subvention de l\u2019\u00e9tat (20.000 francs) viennent s\u2019ajouter \u00e0 la souscription de 311.000 francs des protestants.<\/p>\n\n\n\n<p>Gaspard Andr\u00e9 dessine le buffet des orgues qui seront construites par le facteur d\u2019orgue Joseph MERKLIN. La disposition centrale et monumentale du mobilier met en valeur les signes visibles et fondamentaux de la foi protestante&nbsp;: la louange, la lecture de la Bible, la communion. D\u00e8s l\u2019entr\u00e9e dans la salle de culte, la chaire pastorale et l\u2019orgue s\u2019imposent aux fid\u00e8les, doucement \u00e9clair\u00e9s par la lumi\u00e8re tombant de la coupole vitr\u00e9e (19 m\u00e8tres de hauteur sous coupole).<\/p>\n\n\n\n<p>Construit en 4 ans, l\u2019\u00e9difice est inaugur\u00e9 le 1<sup>er<\/sup> mai 1884.<\/p>\n\n\n\n<p>Le 30 ao\u00fbt 1922, un violent incendie, ayant pour foyer le buffet des orgues, se d\u00e9clare, causant d\u2019importants d\u00e9g\u00e2ts qui entra\u00eenent la r\u00e9fection compl\u00e8te des enduits, de l\u2019ornementation int\u00e9rieure et des orgues, la&nbsp; r\u00e9paration &nbsp;de la charpente, des boiseries et des vitreries endommag\u00e9es. Gr\u00e2ce \u00e0 une nouvelle souscription, le temple est restaur\u00e9 et les cultes reprennent le 14 octobre 1923.<\/p>\n\n\n\n<p>Le 27 mars 1975, la fa\u00e7ade est inscrite sur l\u2019inventaire suppl\u00e9mentaire des Monuments historiques, suivie le 9 juillet 1996 par l\u2019ensemble du temple, y compris le d\u00e9cor, le buffet des orgues et les b\u00e2timents du cours de la Libert\u00e9. Depuis 2011, l\u2019ensemble immobilier est inscrit \u00e0 l\u2019inventaire des Monuments historiques.<\/p>\n\n\n\n<p>Le Grand Temple a une triple vocation&nbsp;:<\/p>\n\n\n\n<ul class=\"wp-block-list\">\n<li>Historique et patrimoniale (ouvert pour les journ\u00e9es du patrimoine)<\/li>\n\n\n\n<li>Culturelle (p\u00f4le reconnu de la vie culturelle et musicale lyonnaise)<\/li>\n\n\n\n<li>Cultuelle (cultes et manifestations religieuses du protestantisme de la rive gauche du Rh\u00f4ne et de la Ville de Lyon).<\/li>\n<\/ul>\n\n\n\n<p>La restauration compl\u00e8te du b\u00e2timent a \u00e9t\u00e9 conduite de 2011 \u00e0 2012 avec une aide tr\u00e8s importante des pouvoirs publics (Minist\u00e8re de la Culture, D\u00e9partement du Rh\u00f4ne, R\u00e9gion Rh\u00f4ne Alpes, Ville de Lyon, Fondation du Patrimoine) pour un montant de 2,2 millions d\u2019euros et par un soutien fid\u00e8le de donateurs priv\u00e9s pour un montant de 800.000 euros.<\/p>\n\n\n\n<p>Le Grand Temple r\u00e9nov\u00e9 a \u00e9t\u00e9 officiellement inaugur\u00e9 le 21 octobre 2012 lors du culte de la Cit\u00e9 en pr\u00e9sence des repr\u00e9sentants des collectivit\u00e9s cit\u00e9es ci-dessus.<\/p>\n\n\n\n<p>Du fait des nouvelles normes de s\u00e9curit\u00e9 en vigueur pour les b\u00e2timents recevant du public, la capacit\u00e9 du Grand Temple a \u00e9t\u00e9 limit\u00e9e \u00e0 900 personnes.<\/p>\n\n\n\n<figure class=\"wp-block-image aligncenter size-large is-resized\"><img loading=\"lazy\" decoding=\"async\" width=\"1024\" height=\"576\" src=\"http:\/\/concerts-grand-temple-lyon.fr\/wp-content\/uploads\/2025\/03\/DSC_0081_2-1024x576.jpg\" alt=\"\" class=\"wp-image-1292\" style=\"aspect-ratio:1;width:395px;height:auto\" srcset=\"https:\/\/concerts-grand-temple-lyon.fr\/wp-content\/uploads\/2025\/03\/DSC_0081_2-1024x576.jpg 1024w, https:\/\/concerts-grand-temple-lyon.fr\/wp-content\/uploads\/2025\/03\/DSC_0081_2-300x169.jpg 300w, https:\/\/concerts-grand-temple-lyon.fr\/wp-content\/uploads\/2025\/03\/DSC_0081_2-768x432.jpg 768w, https:\/\/concerts-grand-temple-lyon.fr\/wp-content\/uploads\/2025\/03\/DSC_0081_2-1536x864.jpg 1536w, https:\/\/concerts-grand-temple-lyon.fr\/wp-content\/uploads\/2025\/03\/DSC_0081_2-2048x1151.jpg 2048w\" sizes=\"auto, (max-width: 1024px) 100vw, 1024px\" \/><\/figure>\n\n\n\n<p>On trouvera des informations et des repr\u00e9sentations sur le site du<strong> <a href=\"https:\/\/patrimoine.auvergnerhonealpes.fr\/dossier\/IA69004454\" target=\"_blank\" rel=\"noreferrer noopener\">patrimoine Auvergne Rh\u00f4ne Alpes<\/a><\/strong>, sur <a href=\"https:\/\/monumentum.fr\/monument-historique\/pa00117811\/lyon-grand-temple-protestant\" target=\"_blank\" rel=\"noreferrer noopener\"><strong>monumentum.fr<\/strong><\/a>, aux <a href=\"https:\/\/archives.rhone.fr\/ark:\/28729\/dmr7bq6w0hs4\/f3de3e7a-ba0d-4ecb-8f14-6af9915399af\" target=\"_blank\" rel=\"noreferrer noopener\"><strong>archives du Rh\u00f4ne<\/strong><\/a> et sur <a href=\"https:\/\/www.google.com\/url?sa=t&amp;source=web&amp;rct=j&amp;opi=89978449&amp;url=https:\/\/fr.wikipedia.org\/wiki\/Grand_temple_de_Lyon&amp;ved=2ahUKEwjQ1MrLj_GLAxVDUqQEHfolFUEQFnoECBwQAQ&amp;usg=AOvVaw20pAMdfeLhisYEL9En3S8r\" target=\"_blank\" rel=\"noreferrer noopener\"><strong>Wikipedia<\/strong><\/a>.<\/p>\n","protected":false},"excerpt":{"rendered":"<p>Le style du Grand Temple est tr\u00e8s fortement marqu\u00e9 par son \u00e9poque de construction (1873 \u2013 1884) et n\u2019est pas [&hellip;]<\/p>\n","protected":false},"author":1,"featured_media":0,"parent":0,"menu_order":7,"comment_status":"closed","ping_status":"closed","template":"","meta":{"site-sidebar-layout":"default","site-content-layout":"","ast-site-content-layout":"default","site-content-style":"default","site-sidebar-style":"default","ast-global-header-display":"","ast-banner-title-visibility":"","ast-main-header-display":"","ast-hfb-above-header-display":"","ast-hfb-below-header-display":"","ast-hfb-mobile-header-display":"","site-post-title":"","ast-breadcrumbs-content":"","ast-featured-img":"","footer-sml-layout":"","ast-disable-related-posts":"","theme-transparent-header-meta":"","adv-header-id-meta":"","stick-header-meta":"","header-above-stick-meta":"","header-main-stick-meta":"","header-below-stick-meta":"","astra-migrate-meta-layouts":"default","ast-page-background-enabled":"default","ast-page-background-meta":{"desktop":{"background-color":"var(--ast-global-color-5)","background-image":"","background-repeat":"repeat","background-position":"center center","background-size":"auto","background-attachment":"scroll","background-type":"","background-media":"","overlay-type":"","overlay-color":"","overlay-opacity":"","overlay-gradient":""},"tablet":{"background-color":"","background-image":"","background-repeat":"repeat","background-position":"center center","background-size":"auto","background-attachment":"scroll","background-type":"","background-media":"","overlay-type":"","overlay-color":"","overlay-opacity":"","overlay-gradient":""},"mobile":{"background-color":"","background-image":"","background-repeat":"repeat","background-position":"center center","background-size":"auto","background-attachment":"scroll","background-type":"","background-media":"","overlay-type":"","overlay-color":"","overlay-opacity":"","overlay-gradient":""}},"ast-content-background-meta":{"desktop":{"background-color":"var(--ast-global-color-4)","background-image":"","background-repeat":"repeat","background-position":"center center","background-size":"auto","background-attachment":"scroll","background-type":"","background-media":"","overlay-type":"","overlay-color":"","overlay-opacity":"","overlay-gradient":""},"tablet":{"background-color":"var(--ast-global-color-4)","background-image":"","background-repeat":"repeat","background-position":"center center","background-size":"auto","background-attachment":"scroll","background-type":"","background-media":"","overlay-type":"","overlay-color":"","overlay-opacity":"","overlay-gradient":""},"mobile":{"background-color":"var(--ast-global-color-4)","background-image":"","background-repeat":"repeat","background-position":"center center","background-size":"auto","background-attachment":"scroll","background-type":"","background-media":"","overlay-type":"","overlay-color":"","overlay-opacity":"","overlay-gradient":""}},"footnotes":""},"folder":[],"class_list":["post-553","page","type-page","status-publish","hentry"],"_links":{"self":[{"href":"https:\/\/concerts-grand-temple-lyon.fr\/index.php\/wp-json\/wp\/v2\/pages\/553","targetHints":{"allow":["GET"]}}],"collection":[{"href":"https:\/\/concerts-grand-temple-lyon.fr\/index.php\/wp-json\/wp\/v2\/pages"}],"about":[{"href":"https:\/\/concerts-grand-temple-lyon.fr\/index.php\/wp-json\/wp\/v2\/types\/page"}],"author":[{"embeddable":true,"href":"https:\/\/concerts-grand-temple-lyon.fr\/index.php\/wp-json\/wp\/v2\/users\/1"}],"replies":[{"embeddable":true,"href":"https:\/\/concerts-grand-temple-lyon.fr\/index.php\/wp-json\/wp\/v2\/comments?post=553"}],"version-history":[{"count":5,"href":"https:\/\/concerts-grand-temple-lyon.fr\/index.php\/wp-json\/wp\/v2\/pages\/553\/revisions"}],"predecessor-version":[{"id":2051,"href":"https:\/\/concerts-grand-temple-lyon.fr\/index.php\/wp-json\/wp\/v2\/pages\/553\/revisions\/2051"}],"wp:attachment":[{"href":"https:\/\/concerts-grand-temple-lyon.fr\/index.php\/wp-json\/wp\/v2\/media?parent=553"}],"wp:term":[{"taxonomy":"folder","embeddable":true,"href":"https:\/\/concerts-grand-temple-lyon.fr\/index.php\/wp-json\/wp\/v2\/folder?post=553"}],"curies":[{"name":"wp","href":"https:\/\/api.w.org\/{rel}","templated":true}]}}