{"id":746,"date":"2022-04-20T15:55:04","date_gmt":"2022-04-20T15:55:04","guid":{"rendered":"http:\/\/www.orgue-et-musique.fr\/?page_id=746"},"modified":"2026-02-15T16:07:42","modified_gmt":"2026-02-15T15:07:42","slug":"2022-2","status":"publish","type":"page","link":"https:\/\/concerts-grand-temple-lyon.fr\/index.php\/2022-2\/","title":{"rendered":"2022"},"content":{"rendered":"\n<div class=\"wp-block-group is-layout-grid wp-container-core-group-is-layout-478b6e6b wp-block-group-is-layout-grid\">\n<figure class=\"wp-block-image size-large\"><img loading=\"lazy\" decoding=\"async\" width=\"1024\" height=\"482\" src=\"http:\/\/concerts-grand-temple-lyon.fr\/wp-content\/uploads\/2025\/03\/2022_12_18-1024x482.jpg\" alt=\"\" class=\"wp-image-1554\" srcset=\"https:\/\/concerts-grand-temple-lyon.fr\/wp-content\/uploads\/2025\/03\/2022_12_18-1024x482.jpg 1024w, https:\/\/concerts-grand-temple-lyon.fr\/wp-content\/uploads\/2025\/03\/2022_12_18-300x141.jpg 300w, https:\/\/concerts-grand-temple-lyon.fr\/wp-content\/uploads\/2025\/03\/2022_12_18-768x361.jpg 768w, https:\/\/concerts-grand-temple-lyon.fr\/wp-content\/uploads\/2025\/03\/2022_12_18.jpg 1224w\" sizes=\"auto, (max-width: 1024px) 100vw, 1024px\" \/><figcaption class=\"wp-element-caption\"><p class=\"has-text-align-center\"><strong>2022_12_18<\/strong>  <a href=\"https:\/\/www.christmascarolslyon.com\/\">Christmas Carols Service<\/a><br>Ensemble chantons et c\u00e9l\u00e9brons No\u00ebl en anglais<br>(avec traduction sur les \u00e9crans)<\/p><\/figcaption><\/figure>\n\n\n\n<figure class=\"wp-block-image size-full\"><img loading=\"lazy\" decoding=\"async\" width=\"526\" height=\"584\" src=\"http:\/\/concerts-grand-temple-lyon.fr\/wp-content\/uploads\/2025\/03\/2022_12_17.jpg\" alt=\"\" class=\"wp-image-1553\" srcset=\"https:\/\/concerts-grand-temple-lyon.fr\/wp-content\/uploads\/2025\/03\/2022_12_17.jpg 526w, https:\/\/concerts-grand-temple-lyon.fr\/wp-content\/uploads\/2025\/03\/2022_12_17-270x300.jpg 270w\" sizes=\"auto, (max-width: 526px) 100vw, 526px\" \/><figcaption class=\"wp-element-caption\"><p class=\"has-text-align-center\"><strong>2022_12_17<\/strong><br>No\u00ebl Gospel family Concert de No\u00ebl organis\u00e9 par <br><a href=\"https:\/\/www.facebook.com\/people\/Silowe-Gospel\/100064180800903\/\">Silow\u00e9 Gospel Concept<\/a><br>Samedi 17\/12\/2022 \u2013 18h <br><a href=\"https:\/\/www.weezevent.com\/silowe-gospel\">Billeterie<\/a><\/p>  <\/figcaption><\/figure>\n\n\n\n<figure class=\"wp-block-image size-full\"><img loading=\"lazy\" decoding=\"async\" width=\"960\" height=\"638\" src=\"http:\/\/concerts-grand-temple-lyon.fr\/wp-content\/uploads\/2025\/03\/2022_12_16.jpg\" alt=\"\" class=\"wp-image-1552\" srcset=\"https:\/\/concerts-grand-temple-lyon.fr\/wp-content\/uploads\/2025\/03\/2022_12_16.jpg 960w, https:\/\/concerts-grand-temple-lyon.fr\/wp-content\/uploads\/2025\/03\/2022_12_16-300x199.jpg 300w, https:\/\/concerts-grand-temple-lyon.fr\/wp-content\/uploads\/2025\/03\/2022_12_16-768x510.jpg 768w\" sizes=\"auto, (max-width: 960px) 100vw, 960px\" \/><figcaption class=\"wp-element-caption\"><p class=\"has-text-align-center\"><strong>2022_12_16<\/strong> La <a href=\"https:\/\/www.facebook.com\/events\/1279939679433413\/\">Jaama Gospel<\/a> en concert<br>Vendredi 16\/12 \u2013 20h Concert de Gospel.<br><a href=\"https:\/\/my.weezevent.com\/la-jaama-gospel-en-concert-1\">Billeterie<\/a><\/p><\/figcaption><\/figure>\n\n\n\n<figure class=\"wp-block-image size-large\"><img loading=\"lazy\" decoding=\"async\" width=\"1024\" height=\"1024\" src=\"http:\/\/concerts-grand-temple-lyon.fr\/wp-content\/uploads\/2025\/03\/2022_12_03-1024x1024.jpg\" alt=\"\" class=\"wp-image-1551\" srcset=\"https:\/\/concerts-grand-temple-lyon.fr\/wp-content\/uploads\/2025\/03\/2022_12_03-1024x1024.jpg 1024w, https:\/\/concerts-grand-temple-lyon.fr\/wp-content\/uploads\/2025\/03\/2022_12_03-300x300.jpg 300w, https:\/\/concerts-grand-temple-lyon.fr\/wp-content\/uploads\/2025\/03\/2022_12_03-150x150.jpg 150w, https:\/\/concerts-grand-temple-lyon.fr\/wp-content\/uploads\/2025\/03\/2022_12_03-768x768.jpg 768w, https:\/\/concerts-grand-temple-lyon.fr\/wp-content\/uploads\/2025\/03\/2022_12_03-1536x1536.jpg 1536w, https:\/\/concerts-grand-temple-lyon.fr\/wp-content\/uploads\/2025\/03\/2022_12_03.jpg 2048w\" sizes=\"auto, (max-width: 1024px) 100vw, 1024px\" \/><figcaption class=\"wp-element-caption\"><p class=\"has-text-align-center\"><strong>2022_12_03<\/strong>  Concert de <a href=\"https:\/\/www.facebook.com\/people\/Mosa%C3%AFc-Orchestra\/100057417131244\/\">Mosa\u00efc Orchestra<br>No\u00ebl 2022<\/a><\/p><\/figcaption><\/figure>\n\n\n\n<figure class=\"wp-block-image size-full\"><img loading=\"lazy\" decoding=\"async\" width=\"526\" height=\"526\" src=\"http:\/\/concerts-grand-temple-lyon.fr\/wp-content\/uploads\/2025\/03\/2022_11_30.jpg\" alt=\"\" class=\"wp-image-1550\" srcset=\"https:\/\/concerts-grand-temple-lyon.fr\/wp-content\/uploads\/2025\/03\/2022_11_30.jpg 526w, https:\/\/concerts-grand-temple-lyon.fr\/wp-content\/uploads\/2025\/03\/2022_11_30-300x300.jpg 300w, https:\/\/concerts-grand-temple-lyon.fr\/wp-content\/uploads\/2025\/03\/2022_11_30-150x150.jpg 150w\" sizes=\"auto, (max-width: 526px) 100vw, 526px\" \/><figcaption class=\"wp-element-caption\"><p class=\"has-text-align-center\"><strong>2022_11_30<\/strong>  Concert de cuivres de <a href=\"https:\/\/www.protestants.org\/articles-de-laumonerie-protestante-aux-armees-de-la-fpf\/2\/\">l\u2019Aum\u00f4nerie Protestante aux Arm\u00e9es<\/a><\/p><\/figcaption><\/figure>\n\n\n\n<figure class=\"wp-block-image size-full\"><img loading=\"lazy\" decoding=\"async\" width=\"290\" height=\"591\" src=\"http:\/\/concerts-grand-temple-lyon.fr\/wp-content\/uploads\/2025\/03\/2022_11_25.jpg\" alt=\"\" class=\"wp-image-1549\" srcset=\"https:\/\/concerts-grand-temple-lyon.fr\/wp-content\/uploads\/2025\/03\/2022_11_25.jpg 290w, https:\/\/concerts-grand-temple-lyon.fr\/wp-content\/uploads\/2025\/03\/2022_11_25-147x300.jpg 147w\" sizes=\"auto, (max-width: 290px) 100vw, 290px\" \/><figcaption class=\"wp-element-caption\"><p class=\"has-text-align-center\"><strong>2022_11_25<\/strong> Concert de l&rsquo;<a href=\"http:\/\/ensemble.vocal.lyon.free.fr\/ensemble\"> Ensemble Vocal de Lyon<\/a><br>La messe en sol mineur BWV 235 de JS Bach, Le Miserere de Zelenka et le Magnificat de Durante.<br>Samedi 26\/11\/2022 \u2013 17h <\/p><\/figcaption><\/figure>\n\n\n\n<figure class=\"wp-block-image size-large\"><img loading=\"lazy\" decoding=\"async\" width=\"724\" height=\"1024\" src=\"http:\/\/concerts-grand-temple-lyon.fr\/wp-content\/uploads\/2025\/03\/2022_10_29-724x1024.jpg\" alt=\"\" class=\"wp-image-1548\" srcset=\"https:\/\/concerts-grand-temple-lyon.fr\/wp-content\/uploads\/2025\/03\/2022_10_29-724x1024.jpg 724w, https:\/\/concerts-grand-temple-lyon.fr\/wp-content\/uploads\/2025\/03\/2022_10_29-212x300.jpg 212w, https:\/\/concerts-grand-temple-lyon.fr\/wp-content\/uploads\/2025\/03\/2022_10_29-768x1086.jpg 768w, https:\/\/concerts-grand-temple-lyon.fr\/wp-content\/uploads\/2025\/03\/2022_10_29.jpg 794w\" sizes=\"auto, (max-width: 724px) 100vw, 724px\" \/><figcaption class=\"wp-element-caption\"><p class=\"has-text-align-center\"><strong>2022_10_29<\/strong> Concert de <a href=\"https:\/\/www.lachambresymphonique.fr\/\">la Chambre Symphonique<\/a><br>Au programme Tableaux d\u2019une Exposition de Moussorgski et Ravel.<\/p><\/figcaption><\/figure>\n\n\n\n<figure class=\"wp-block-image size-full\"><img loading=\"lazy\" decoding=\"async\" width=\"526\" height=\"712\" src=\"http:\/\/concerts-grand-temple-lyon.fr\/wp-content\/uploads\/2025\/03\/2022_10_22.jpg\" alt=\"\" class=\"wp-image-1547\" srcset=\"https:\/\/concerts-grand-temple-lyon.fr\/wp-content\/uploads\/2025\/03\/2022_10_22.jpg 526w, https:\/\/concerts-grand-temple-lyon.fr\/wp-content\/uploads\/2025\/03\/2022_10_22-222x300.jpg 222w\" sizes=\"auto, (max-width: 526px) 100vw, 526px\" \/><figcaption class=\"wp-element-caption\"><p class=\"has-text-align-center\"><strong>2022_10_22<\/strong>  S\u00e9minaire d\u2019\u00e9vang\u00e9lisation de l\u2019\u00e9glise <a href=\"https:\/\/www.facebook.com\/PlateformeMontCarmel\/\"><i>Plateforme du Mont Carmel<\/i><\/a><\/p><\/figcaption><\/figure>\n\n\n\n<figure class=\"wp-block-image size-full\"><img loading=\"lazy\" decoding=\"async\" width=\"509\" height=\"720\" src=\"http:\/\/concerts-grand-temple-lyon.fr\/wp-content\/uploads\/2025\/03\/2022_10_21-1.jpg\" alt=\"\" class=\"wp-image-1546\" srcset=\"https:\/\/concerts-grand-temple-lyon.fr\/wp-content\/uploads\/2025\/03\/2022_10_21-1.jpg 509w, https:\/\/concerts-grand-temple-lyon.fr\/wp-content\/uploads\/2025\/03\/2022_10_21-1-212x300.jpg 212w\" sizes=\"auto, (max-width: 509px) 100vw, 509px\" \/><figcaption class=\"wp-element-caption\"><p class=\"has-text-align-center\"><strong>2022_10_21<\/strong> Concert de Gala abracada\u2019brass &#038; Glenn Van Looy<br>En premi\u00e8re partie : Brass Band des Gones<br>vendredi 21 oct. 2022 de 20h30 \u00e0 22h30 Grand Temple de Lyon.<br><a href=\"https:\/\/www.billetweb.fr\/concert-de-gala-abracada-brass-glenn-van-looy-brass-band-des-gones\">Billeterie<\/a><\/p><\/figcaption><\/figure>\n\n\n\n<figure class=\"wp-block-image size-full\"><img loading=\"lazy\" decoding=\"async\" width=\"1024\" height=\"576\" src=\"http:\/\/concerts-grand-temple-lyon.fr\/wp-content\/uploads\/2025\/03\/2022_10_16.jpg\" alt=\"\" class=\"wp-image-1544\" srcset=\"https:\/\/concerts-grand-temple-lyon.fr\/wp-content\/uploads\/2025\/03\/2022_10_16.jpg 1024w, https:\/\/concerts-grand-temple-lyon.fr\/wp-content\/uploads\/2025\/03\/2022_10_16-300x169.jpg 300w, https:\/\/concerts-grand-temple-lyon.fr\/wp-content\/uploads\/2025\/03\/2022_10_16-768x432.jpg 768w\" sizes=\"auto, (max-width: 1024px) 100vw, 1024px\" \/><figcaption class=\"wp-element-caption\"><p class=\"has-text-align-center\"><strong>2022_10_16<\/strong> Culte musical avec <a href=\"https:\/\/www.helloasso.com\/associations\/les-amis-de-brucken\">l\u2019ensemble Br\u00fccken<\/a>. 16 octobre 2022 \u00e0 17h30 au Grand Temple<\/p><\/figcaption><\/figure>\n\n\n\n<figure class=\"wp-block-image size-full\"><img loading=\"lazy\" decoding=\"async\" width=\"940\" height=\"788\" src=\"http:\/\/concerts-grand-temple-lyon.fr\/wp-content\/uploads\/2025\/03\/2022_09_25.jpg\" alt=\"\" class=\"wp-image-1543\" srcset=\"https:\/\/concerts-grand-temple-lyon.fr\/wp-content\/uploads\/2025\/03\/2022_09_25.jpg 940w, https:\/\/concerts-grand-temple-lyon.fr\/wp-content\/uploads\/2025\/03\/2022_09_25-300x251.jpg 300w, https:\/\/concerts-grand-temple-lyon.fr\/wp-content\/uploads\/2025\/03\/2022_09_25-768x644.jpg 768w\" sizes=\"auto, (max-width: 940px) 100vw, 940px\" \/><figcaption class=\"wp-element-caption\"><p class=\"has-text-align-center\"><strong>2022_09_25<\/strong> Culte musical avec l\u2019ensemble Br\u00fccken<br>Dimanche 25 septembre 2022 \u00e0 17h30 au Grand Temple<\/p><\/figcaption><\/figure>\n\n\n\n<figure class=\"wp-block-image size-full\"><img loading=\"lazy\" decoding=\"async\" width=\"1024\" height=\"683\" src=\"http:\/\/concerts-grand-temple-lyon.fr\/wp-content\/uploads\/2025\/03\/2022_05_28.jpg\" alt=\"\" class=\"wp-image-1542\" srcset=\"https:\/\/concerts-grand-temple-lyon.fr\/wp-content\/uploads\/2025\/03\/2022_05_28.jpg 1024w, https:\/\/concerts-grand-temple-lyon.fr\/wp-content\/uploads\/2025\/03\/2022_05_28-300x200.jpg 300w, https:\/\/concerts-grand-temple-lyon.fr\/wp-content\/uploads\/2025\/03\/2022_05_28-768x512.jpg 768w\" sizes=\"auto, (max-width: 1024px) 100vw, 1024px\" \/><figcaption class=\"wp-element-caption\"><p class=\"has-text-align-center\"><strong>2022_05_28<\/strong> Concert exceptionnel avec 70 musiciens du monde entier, avec <br><a href=\"https:\/\/www.klaenge-der-hoffnung.de\/?instance_id=120\">Orchester Kl\u00e4nge der Hoffnung<\/a><br>dir. Ali Pirabi <br>Orchestre transculturel <a href=\"https:\/\/dunerive.fr\/\">Dune rive \u00e0 l\u2019autre<\/a><br> dir. Amine Soufari<br>Grand Temple, 28 mai 2022, 19h-20h30.<\/p><\/figcaption><\/figure>\n\n\n\n<figure class=\"wp-block-image size-full\"><img loading=\"lazy\" decoding=\"async\" width=\"386\" height=\"801\" src=\"http:\/\/concerts-grand-temple-lyon.fr\/wp-content\/uploads\/2025\/03\/2022_05_20.jpg\" alt=\"\" class=\"wp-image-1541\" srcset=\"https:\/\/concerts-grand-temple-lyon.fr\/wp-content\/uploads\/2025\/03\/2022_05_20.jpg 386w, https:\/\/concerts-grand-temple-lyon.fr\/wp-content\/uploads\/2025\/03\/2022_05_20-145x300.jpg 145w\" sizes=\"auto, (max-width: 386px) 100vw, 386px\" \/><figcaption class=\"wp-element-caption\"><p class=\"has-text-align-center\"><strong>2022_05_20<\/strong> Concert Romantique de <br>l\u2019<a href=\"http:\/\/ensemble.vocal.lyon.free.fr\/index.html\">Ensemble Vocal de Lyon<\/a><br>Grand temple, 20 mai 2022 <\/p><\/figcaption><\/figure>\n\n\n\n<figure class=\"wp-block-image size-large\"><img loading=\"lazy\" decoding=\"async\" width=\"724\" height=\"1024\" src=\"http:\/\/concerts-grand-temple-lyon.fr\/wp-content\/uploads\/2025\/03\/2022_05_14-724x1024.jpg\" alt=\"\" class=\"wp-image-1540\" srcset=\"https:\/\/concerts-grand-temple-lyon.fr\/wp-content\/uploads\/2025\/03\/2022_05_14-724x1024.jpg 724w, https:\/\/concerts-grand-temple-lyon.fr\/wp-content\/uploads\/2025\/03\/2022_05_14-212x300.jpg 212w, https:\/\/concerts-grand-temple-lyon.fr\/wp-content\/uploads\/2025\/03\/2022_05_14-768x1086.jpg 768w, https:\/\/concerts-grand-temple-lyon.fr\/wp-content\/uploads\/2025\/03\/2022_05_14-1086x1536.jpg 1086w, https:\/\/concerts-grand-temple-lyon.fr\/wp-content\/uploads\/2025\/03\/2022_05_14-1448x2048.jpg 1448w, https:\/\/concerts-grand-temple-lyon.fr\/wp-content\/uploads\/2025\/03\/2022_05_14.jpg 1587w\" sizes=\"auto, (max-width: 724px) 100vw, 724px\" \/><figcaption class=\"wp-element-caption\"><p class=\"has-text-align-center\"><strong>2022_05_14<\/strong> Concert de<br><a href=\"https:\/\/www.harmonie-insa-lyon.fr\/\">l\u2019Harmonie de l\u2019INSA<\/a><br>Grand temple, 14 mai 2022, 20h <\/p><\/figcaption><\/figure>\n\n\n\n<figure class=\"wp-block-image size-large\"><img loading=\"lazy\" decoding=\"async\" width=\"724\" height=\"1024\" src=\"http:\/\/concerts-grand-temple-lyon.fr\/wp-content\/uploads\/2025\/03\/2022_04_29-724x1024.jpg\" alt=\"\" class=\"wp-image-1539\" srcset=\"https:\/\/concerts-grand-temple-lyon.fr\/wp-content\/uploads\/2025\/03\/2022_04_29-724x1024.jpg 724w, https:\/\/concerts-grand-temple-lyon.fr\/wp-content\/uploads\/2025\/03\/2022_04_29-212x300.jpg 212w, https:\/\/concerts-grand-temple-lyon.fr\/wp-content\/uploads\/2025\/03\/2022_04_29-768x1086.jpg 768w, https:\/\/concerts-grand-temple-lyon.fr\/wp-content\/uploads\/2025\/03\/2022_04_29.jpg 842w\" sizes=\"auto, (max-width: 724px) 100vw, 724px\" \/><figcaption class=\"wp-element-caption\"><p class=\"has-text-align-center\"><strong>2022_04_29<\/strong> Concert de<br><a href=\"https:\/\/www.lachambresymphonique.fr\/\">La Chambre Symphonique<\/a><br>Grand temple, 29 avril 2022, 20h<\/p><\/figcaption><\/figure>\n\n\n\n<figure class=\"wp-block-image size-full\"><img loading=\"lazy\" decoding=\"async\" width=\"616\" height=\"720\" src=\"http:\/\/concerts-grand-temple-lyon.fr\/wp-content\/uploads\/2025\/03\/2022_04_16.jpg\" alt=\"\" class=\"wp-image-1538\" srcset=\"https:\/\/concerts-grand-temple-lyon.fr\/wp-content\/uploads\/2025\/03\/2022_04_16.jpg 616w, https:\/\/concerts-grand-temple-lyon.fr\/wp-content\/uploads\/2025\/03\/2022_04_16-257x300.jpg 257w\" sizes=\"auto, (max-width: 616px) 100vw, 616px\" \/><figcaption class=\"wp-element-caption\"><p class=\"has-text-align-center\"><strong>2022_04_16<\/strong> Soir\u00e9e concert du<br> <a href=\"https:\/\/fr-fr.facebook.com\/nazanivocalensemble\/\">Trio Nazani<\/a><br><a href=\"https:\/\/www.facebook.com\/watch\/?v=2018170655044156\">Grand temple, 16 avril 2022<\/a> , 20h<\/p><\/figcaption><\/figure>\n\n\n\n<figure class=\"wp-block-image size-full\"><img loading=\"lazy\" decoding=\"async\" width=\"477\" height=\"400\" src=\"http:\/\/concerts-grand-temple-lyon.fr\/wp-content\/uploads\/2025\/03\/2022_04_11.jpg\" alt=\"\" class=\"wp-image-1537\" srcset=\"https:\/\/concerts-grand-temple-lyon.fr\/wp-content\/uploads\/2025\/03\/2022_04_11.jpg 477w, https:\/\/concerts-grand-temple-lyon.fr\/wp-content\/uploads\/2025\/03\/2022_04_11-300x252.jpg 300w\" sizes=\"auto, (max-width: 477px) 100vw, 477px\" \/><figcaption class=\"wp-element-caption\"><p class=\"has-text-align-center\"><strong>2022_04_11<\/strong> Concert de <br><a href=\"https:\/\/orchestre.ens-lyon.fr\/\">l\u2019Orchestre Symphonique des Grandes \u00c9coles de Lyon<\/a><br>Cappricio Espagnol de Rimsky Korsakov<br>Dir. Pierre_Louis de Laporte, Violon: Mich\u00ebl Seigle<br>Grand temple, lundi 11 avril 2022, 20h30<\/p><\/figcaption><\/figure>\n\n\n\n<figure class=\"wp-block-image size-large\"><img loading=\"lazy\" decoding=\"async\" width=\"1024\" height=\"576\" src=\"http:\/\/concerts-grand-temple-lyon.fr\/wp-content\/uploads\/2025\/03\/2022_04_09-1024x576.jpg\" alt=\"\" class=\"wp-image-1536\" srcset=\"https:\/\/concerts-grand-temple-lyon.fr\/wp-content\/uploads\/2025\/03\/2022_04_09-1024x576.jpg 1024w, https:\/\/concerts-grand-temple-lyon.fr\/wp-content\/uploads\/2025\/03\/2022_04_09-300x169.jpg 300w, https:\/\/concerts-grand-temple-lyon.fr\/wp-content\/uploads\/2025\/03\/2022_04_09-768x432.jpg 768w, https:\/\/concerts-grand-temple-lyon.fr\/wp-content\/uploads\/2025\/03\/2022_04_09.jpg 1132w\" sizes=\"auto, (max-width: 1024px) 100vw, 1024px\" \/><figcaption class=\"wp-element-caption\"><p class=\"has-text-align-center\"><strong>2022_04_09<\/strong> Concert Bach du <a href=\"http:\/\/www.cfa-lyon.fr\/\">Ch\u0153ur Franco-Allemand de Lyon<\/a>  <br>Cantate 106 Actus trajicus<br> Oratorio de P\u00e2ques <br>Samedi 9 avril 2022, Grand temple, Lyon<\/p><\/figcaption><\/figure>\n\n\n\n<figure class=\"wp-block-image size-full\"><img loading=\"lazy\" decoding=\"async\" width=\"509\" height=\"720\" src=\"http:\/\/concerts-grand-temple-lyon.fr\/wp-content\/uploads\/2025\/03\/2022_04_07.jpg\" alt=\"\" class=\"wp-image-1558\" srcset=\"https:\/\/concerts-grand-temple-lyon.fr\/wp-content\/uploads\/2025\/03\/2022_04_07.jpg 509w, https:\/\/concerts-grand-temple-lyon.fr\/wp-content\/uploads\/2025\/03\/2022_04_07-212x300.jpg 212w\" sizes=\"auto, (max-width: 509px) 100vw, 509px\" \/><figcaption class=\"wp-element-caption\"><p class=\"has-text-align-center\"><strong>2022_04_07<\/strong> Concert de <br><a href=\"https:\/\/www.facebook.com\/orchestredescybeles\">l\u2019Orchestre des Cyb\u00e8les<\/a> <br>7 avril 2022, Grand temple <br>Entr\u00e9e libre<\/p><\/figcaption><\/figure>\n\n\n\n<figure class=\"wp-block-image size-full\"><img loading=\"lazy\" decoding=\"async\" width=\"940\" height=\"788\" src=\"http:\/\/concerts-grand-temple-lyon.fr\/wp-content\/uploads\/2025\/03\/2022_04_03.jpg\" alt=\"\" class=\"wp-image-1557\" srcset=\"https:\/\/concerts-grand-temple-lyon.fr\/wp-content\/uploads\/2025\/03\/2022_04_03.jpg 940w, https:\/\/concerts-grand-temple-lyon.fr\/wp-content\/uploads\/2025\/03\/2022_04_03-300x251.jpg 300w, https:\/\/concerts-grand-temple-lyon.fr\/wp-content\/uploads\/2025\/03\/2022_04_03-768x644.jpg 768w\" sizes=\"auto, (max-width: 940px) 100vw, 940px\" \/><figcaption class=\"wp-element-caption\"><p class=\"has-text-align-center\"><strong>2022_04_03<\/strong>  Concert spirituel solidaire <br>Musique de Joseph Haydn, texte de Michel Serres<br>Thierry Ravassard (piano)<br>Amandine Blanquart et Philippe Morier-Genoud, comm\u00e9diens<br>Grand temple, 3 avril 2022, 17h30<\/p><\/figcaption><\/figure>\n\n\n\n<figure class=\"wp-block-image size-full\"><img loading=\"lazy\" decoding=\"async\" width=\"600\" height=\"854\" src=\"http:\/\/concerts-grand-temple-lyon.fr\/wp-content\/uploads\/2025\/03\/2022_04_01.jpg\" alt=\"\" class=\"wp-image-1556\" srcset=\"https:\/\/concerts-grand-temple-lyon.fr\/wp-content\/uploads\/2025\/03\/2022_04_01.jpg 600w, https:\/\/concerts-grand-temple-lyon.fr\/wp-content\/uploads\/2025\/03\/2022_04_01-211x300.jpg 211w\" sizes=\"auto, (max-width: 600px) 100vw, 600px\" \/><figcaption class=\"wp-element-caption\"><p class=\"has-text-align-center\"><strong>2022_04_01<\/strong> Soir\u00e9e Gospel<br>Concert participatif <a href=\"https:\/\/tempose.fr\/\">Tempose<\/a><br>Grand temple, 1er avril 2022, 20h<\/p><\/figcaption><\/figure>\n\n\n\n<figure class=\"wp-block-image size-full\"><img loading=\"lazy\" decoding=\"async\" width=\"501\" height=\"890\" src=\"http:\/\/concerts-grand-temple-lyon.fr\/wp-content\/uploads\/2025\/03\/2022_03_18.jpg\" alt=\"\" class=\"wp-image-1555\" srcset=\"https:\/\/concerts-grand-temple-lyon.fr\/wp-content\/uploads\/2025\/03\/2022_03_18.jpg 501w, https:\/\/concerts-grand-temple-lyon.fr\/wp-content\/uploads\/2025\/03\/2022_03_18-169x300.jpg 169w\" sizes=\"auto, (max-width: 501px) 100vw, 501px\" \/><figcaption class=\"wp-element-caption\"><p class=\"has-text-align-center\"><strong>2022_03_18<\/strong> Gala d\u2019Op\u00e9ra<br>par la <a href=\"http:\/\/www.schola-witkowski.fr\/\">Schola Witkowski<\/a><br>Grand temple, 18 mars 2022,<\/p><\/figcaption><\/figure>\n<\/div>\n\n\n\n<p><\/p>\n","protected":false},"excerpt":{"rendered":"","protected":false},"author":1,"featured_media":0,"parent":0,"menu_order":5,"comment_status":"closed","ping_status":"closed","template":"","meta":{"site-sidebar-layout":"default","site-content-layout":"","ast-site-content-layout":"default","site-content-style":"default","site-sidebar-style":"default","ast-global-header-display":"","ast-banner-title-visibility":"","ast-main-header-display":"","ast-hfb-above-header-display":"","ast-hfb-below-header-display":"","ast-hfb-mobile-header-display":"","site-post-title":"","ast-breadcrumbs-content":"","ast-featured-img":"","footer-sml-layout":"","ast-disable-related-posts":"","theme-transparent-header-meta":"","adv-header-id-meta":"","stick-header-meta":"","header-above-stick-meta":"","header-main-stick-meta":"","header-below-stick-meta":"","astra-migrate-meta-layouts":"default","ast-page-background-enabled":"default","ast-page-background-meta":{"desktop":{"background-color":"var(--ast-global-color-5)","background-image":"","background-repeat":"repeat","background-position":"center center","background-size":"auto","background-attachment":"scroll","background-type":"","background-media":"","overlay-type":"","overlay-color":"","overlay-opacity":"","overlay-gradient":""},"tablet":{"background-color":"","background-image":"","background-repeat":"repeat","background-position":"center center","background-size":"auto","background-attachment":"scroll","background-type":"","background-media":"","overlay-type":"","overlay-color":"","overlay-opacity":"","overlay-gradient":""},"mobile":{"background-color":"","background-image":"","background-repeat":"repeat","background-position":"center center","background-size":"auto","background-attachment":"scroll","background-type":"","background-media":"","overlay-type":"","overlay-color":"","overlay-opacity":"","overlay-gradient":""}},"ast-content-background-meta":{"desktop":{"background-color":"var(--ast-global-color-4)","background-image":"","background-repeat":"repeat","background-position":"center center","background-size":"auto","background-attachment":"scroll","background-type":"","background-media":"","overlay-type":"","overlay-color":"","overlay-opacity":"","overlay-gradient":""},"tablet":{"background-color":"var(--ast-global-color-4)","background-image":"","background-repeat":"repeat","background-position":"center center","background-size":"auto","background-attachment":"scroll","background-type":"","background-media":"","overlay-type":"","overlay-color":"","overlay-opacity":"","overlay-gradient":""},"mobile":{"background-color":"var(--ast-global-color-4)","background-image":"","background-repeat":"repeat","background-position":"center center","background-size":"auto","background-attachment":"scroll","background-type":"","background-media":"","overlay-type":"","overlay-color":"","overlay-opacity":"","overlay-gradient":""}},"footnotes":""},"folder":[],"class_list":["post-746","page","type-page","status-publish","hentry"],"_links":{"self":[{"href":"https:\/\/concerts-grand-temple-lyon.fr\/index.php\/wp-json\/wp\/v2\/pages\/746","targetHints":{"allow":["GET"]}}],"collection":[{"href":"https:\/\/concerts-grand-temple-lyon.fr\/index.php\/wp-json\/wp\/v2\/pages"}],"about":[{"href":"https:\/\/concerts-grand-temple-lyon.fr\/index.php\/wp-json\/wp\/v2\/types\/page"}],"author":[{"embeddable":true,"href":"https:\/\/concerts-grand-temple-lyon.fr\/index.php\/wp-json\/wp\/v2\/users\/1"}],"replies":[{"embeddable":true,"href":"https:\/\/concerts-grand-temple-lyon.fr\/index.php\/wp-json\/wp\/v2\/comments?post=746"}],"version-history":[{"count":6,"href":"https:\/\/concerts-grand-temple-lyon.fr\/index.php\/wp-json\/wp\/v2\/pages\/746\/revisions"}],"predecessor-version":[{"id":2006,"href":"https:\/\/concerts-grand-temple-lyon.fr\/index.php\/wp-json\/wp\/v2\/pages\/746\/revisions\/2006"}],"wp:attachment":[{"href":"https:\/\/concerts-grand-temple-lyon.fr\/index.php\/wp-json\/wp\/v2\/media?parent=746"}],"wp:term":[{"taxonomy":"folder","embeddable":true,"href":"https:\/\/concerts-grand-temple-lyon.fr\/index.php\/wp-json\/wp\/v2\/folder?post=746"}],"curies":[{"name":"wp","href":"https:\/\/api.w.org\/{rel}","templated":true}]}}